{"id":33,"date":"2025-08-01T16:10:25","date_gmt":"2025-08-01T14:10:25","guid":{"rendered":"https:\/\/theorg-homepageservice-kunden.de\/musterseite-1\/?page_id=33"},"modified":"2025-08-14T12:08:33","modified_gmt":"2025-08-14T10:08:33","slug":"pilates","status":"publish","type":"page","link":"https:\/\/theorg-homepageservice-kunden.de\/musterseite-1\/pilates\/","title":{"rendered":"Pilates"},"content":{"rendered":"\n<div class=\"wp-block-group is-layout-constrained wp-block-group-is-layout-constrained\" style=\"margin-top:var(--wp--preset--spacing--80);margin-bottom:var(--wp--preset--spacing--80)\">\n<h2 class=\"wp-block-heading\" style=\"line-height:1.4\">Ihr Weg zu mehr Stabilit\u00e4t<\/h2>\n\n\n\n<div class=\"wp-block-columns is-layout-flex wp-container-core-columns-is-layout-f5a44f5b wp-block-columns-is-layout-flex\">\n<div class=\"wp-block-column is-layout-flow wp-block-column-is-layout-flow\">\n<p>Unser Pilates-Angebot verbindet effektives Ganzk\u00f6rpertraining mit physiotherapeutischer Expertise. Mit gezielten \u00dcbungen f\u00f6rdern wir die Stabilisierung der K\u00f6rpermitte, verbessern Ihre Haltung und st\u00e4rken die Tiefenmuskulatur. Pilates eignet sich ideal zur Rehabilitation, zur Vorbeugung von Beschwerden und zur Verbesserung der Beweglichkeit.<\/p>\n<\/div>\n\n\n\n<div class=\"wp-block-column is-layout-flow wp-block-column-is-layout-flow\">\n<p>Ob als Einzeltraining oder in kleinen Gruppen \u2013 unsere qualifizierten Trainerinnen und Trainer begleiten Sie individuell und achtsam, sodass die \u00dcbungen optimal auf Ihre Bed\u00fcrfnisse abgestimmt sind. Entdecken Sie Pilates als sanften, aber wirkungsvollen Weg zu einem gesunden und starken K\u00f6rper.<\/p>\n<\/div>\n<\/div>\n<\/div>\n\n\n\n<div class=\"wp-block-group alignfull has-palette-color-5-background-color has-background is-layout-constrained wp-block-group-is-layout-constrained\" style=\"margin-top:0;margin-bottom:0;padding-top:var(--wp--preset--spacing--80);padding-bottom:var(--wp--preset--spacing--80)\">\n<div class=\"wp-block-columns are-vertically-aligned-top is-layout-flex wp-container-core-columns-is-layout-14cf5ab5 wp-block-columns-is-layout-flex\">\n<div class=\"wp-block-column is-vertically-aligned-top is-layout-flow wp-block-column-is-layout-flow\">\n<h2 class=\"wp-block-heading\">Wir sind f\u00fcr Sie da<\/h2>\n\n\n\n<p>Haben Sie Fragen oder m\u00f6chten Sie einen Termin vereinbaren? Wir freuen uns auf Sie!<\/p>\n\n\n\n<div style=\"height:10px\" aria-hidden=\"true\" class=\"wp-block-spacer\"><\/div>\n\n\n\n<h2 class=\"wp-block-heading has-medium-font-size\">Weitere Kontaktm\u00f6glichkeiten<\/h2>\n\n\n<div class=\"ct-block-wrapper\">\n<div class=\"ct-contact-info-block \" style=\"--theme-icon-size:20px;--items-spacing:10px;--items-direction:column;--theme-link-hover-color:var(--wp--preset--color--luminous-vivid-orange);--theme-icon-color:var(--wp--preset--color--palette-color-2);--theme-icon-hover-color:var(--wp--preset--color--luminous-vivid-orange);\">\n\t\t<ul data-icons-type=\"simple\">\n\t\t\t\t\t\t\t\t\t\t\t\t\t\t\t<li class=\"\">\n\t\t\t\t\t<span class=\"ct-icon-container\"><svg width=\"18\" height=\"18\" viewBox=\"0 0 20 20\" aria-hidden=\"true\"><path d=\"M4.4,0C4,0,3.6,0.2,3.2,0.4l0,0l0,0L0.8,2.9l0,0C0,3.6-0.2,4.7,0.1,5.6c0,0,0,0,0,0c0.7,1.9,2.3,5.5,5.6,8.7c3.3,3.3,6.9,4.9,8.7,5.6h0c0.9,0.3,1.9,0.1,2.7-0.5l2.4-2.4c0.6-0.6,0.6-1.7,0-2.4l-3.1-3.1l0,0c-0.6-0.6-1.8-0.6-2.4,0l-1.5,1.5c-0.6-0.3-1.9-1-3.1-2.2C8,9.5,7.4,8.2,7.2,7.6l1.5-1.5c0.6-0.6,0.7-1.7,0-2.4l0,0L8.6,3.6L5.6,0.5l0,0l0,0C5.2,0.2,4.8,0,4.4,0zM4.4,1.5c0.1,0,0.1,0,0.2,0.1l3.1,3.1l0.1,0.1c0,0,0,0.1,0,0.2L5.7,6.9L5.3,7.3l0.2,0.5c0,0,0.9,2.4,2.7,4.1L8.4,12c1.8,1.6,3.9,2.5,3.9,2.5l0.5,0.2l2.3-2.3c0.1-0.1,0.1-0.1,0.2,0l3.1,3.1c0.1,0.1,0.1,0.1,0,0.2l-2.4,2.4c-0.4,0.3-0.7,0.4-1.2,0.2c-1.7-0.7-5.1-2.2-8.1-5.2c-3-3-4.6-6.5-5.2-8.2c-0.1-0.3,0-0.8,0.2-1l0,0l2.3-2.4C4.2,1.6,4.3,1.5,4.4,1.5z\"\/><\/svg><\/span>\n\t\t\t\t\t\t\t\t\t\t\t<div class=\"contact-info\">\n\t\t\t\t\t\t\t\t\t\t\t\t\t\t\t<span class=\"contact-title\">\n\t\t\t\t\t\t\t\t\tTelefon:\t\t\t\t\t\t\t\t<\/span>\n\t\t\t\t\t\t\t\n\t\t\t\t\t\t\t\t\t\t\t\t\t\t\t<span class=\"contact-text\">\n\t\t\t\t\t\t\t\t\t\t\t\t\t\t\t\t\t\t\t<a href=\"tel:07141\/93738-0\" >\n\t\t\t\t\t\t\t\t\t\n\t\t\t\t\t\t\t\t\t07141\/93738-0\n\t\t\t\t\t\t\t\t\t\t\t\t\t\t\t\t\t\t\t<\/a>\n\t\t\t\t\t\t\t\t\t\t\t\t\t\t\t\t\t<\/span>\n\t\t\t\t\t\t\t\t\t\t\t\t\t<\/div>\n\t\t\t\t\t\t\t\t\t<\/li>\n\t\t\t\t\t\t\t\t\t\t\t<li class=\"\">\n\t\t\t\t\t<span class=\"ct-icon-container\"><svg width=\"18\" height=\"18\" viewBox=\"0 0 20 20\" aria-hidden=\"true\"><path d=\"M17.5,5.8h-1.7v-4V0h-1.7H5.8H4.2v1.8v4H2.5C1.1,5.8,0,7,0,8.3v8.3h4.2V20h11.7v-3.3H20V8.3C20,7,18.9,5.8,17.5,5.8zM5.8,1.8h8.3v4H5.8V1.8zM14.2,18.3H5.8v-5h8.3V18.3zM18.3,15h-2.5v-3.3H4.2V15H1.7V8.3c0-0.5,0.4-0.8,0.8-0.8h15c0.5,0,0.8,0.4,0.8,0.8V15zM4.2,9.2c0,0.5-0.4,0.8-0.8,0.8S2.5,9.6,2.5,9.2s0.4-0.8,0.8-0.8S4.2,8.7,4.2,9.2z\"\/><\/svg><\/span>\n\t\t\t\t\t\t\t\t\t\t\t<div class=\"contact-info\">\n\t\t\t\t\t\t\t\t\t\t\t\t\t\t\t<span class=\"contact-title\">\n\t\t\t\t\t\t\t\t\tFax:\t\t\t\t\t\t\t\t<\/span>\n\t\t\t\t\t\t\t\n\t\t\t\t\t\t\t\t\t\t\t\t\t\t\t<span class=\"contact-text\">\n\t\t\t\t\t\t\t\t\t\t\t\t\t\t\t\t\t\t\t<a href=\"tel:07141\/93738-99\" >\n\t\t\t\t\t\t\t\t\t\n\t\t\t\t\t\t\t\t\t07141\/93738-99\n\t\t\t\t\t\t\t\t\t\t\t\t\t\t\t\t\t\t\t<\/a>\n\t\t\t\t\t\t\t\t\t\t\t\t\t\t\t\t\t<\/span>\n\t\t\t\t\t\t\t\t\t\t\t\t\t<\/div>\n\t\t\t\t\t\t\t\t\t<\/li>\n\t\t\t\t\t\t\t\t\t\t\t\t\t\t\t<li class=\"\">\n\t\t\t\t\t<span class=\"ct-icon-container\"><svg width=\"18\" height=\"18\" viewBox=\"0 0 20 20\" aria-hidden=\"true\"><path d=\"M10,0C4.5,0,0,4.5,0,10s4.5,10,10,10h5v-2h-5c-4.4,0-8-3.6-8-8s3.6-8,8-8s8,3.6,8,8v1.5c0,0.8-0.7,1.5-1.5,1.5S15,12.3,15,11.5V10c0-2.7-2.3-5-5-5s-5,2.3-5,5s2.3,5,5,5c1.4,0,2.7-0.6,3.6-1.6c0.6,0.9,1.7,1.6,2.9,1.6c1.9,0,3.5-1.6,3.5-3.5V10C20,4.5,15.5,0,10,0zM10,7c1.7,0,3,1.3,3,3s-1.3,3-3,3s-3-1.3-3-3S8.3,7,10,7z\"\/><\/svg><\/span>\n\t\t\t\t\t\t\t\t\t\t\t<div class=\"contact-info\">\n\t\t\t\t\t\t\t\t\t\t\t\t\t\t\t<span class=\"contact-title\">\n\t\t\t\t\t\t\t\t\tE-Mail:\t\t\t\t\t\t\t\t<\/span>\n\t\t\t\t\t\t\t\n\t\t\t\t\t\t\t\t\t\t\t\t\t\t\t<span class=\"contact-text\">\n\t\t\t\t\t\t\t\t\t\t\t\t\t\t\t\t\t\t\t<a href=\"mailto:&#105;&#110;fo&#064;s&#097;&#110;&#097;r&#101;&#046;&#100;&#101;\" >\n\t\t\t\t\t\t\t\t\t\n\t\t\t\t\t\t\t\t\ti&#110;f&#111;&#64;s&#97;na&#114;&#101;&#46;&#100;&#101;\n\t\t\t\t\t\t\t\t\t\t\t\t\t\t\t\t\t\t\t<\/a>\n\t\t\t\t\t\t\t\t\t\t\t\t\t\t\t\t\t<\/span>\n\t\t\t\t\t\t\t\t\t\t\t\t\t<\/div>\n\t\t\t\t\t\t\t\t\t<\/li>\n\t\t\t\t\t<\/ul>\n\n\t\t<\/div>\n<\/div><\/div>\n\n\n\n<div class=\"wp-block-column is-vertically-aligned-top has-palette-color-6-background-color has-background is-layout-flow wp-block-column-is-layout-flow\" style=\"border-radius:18px;padding-top:var(--wp--preset--spacing--60);padding-right:var(--wp--preset--spacing--60);padding-bottom:var(--wp--preset--spacing--60);padding-left:var(--wp--preset--spacing--60)\">\n<div class=\"wp-block-contact-form-7-contact-form-selector\">\n<div class=\"wpcf7 no-js\" id=\"wpcf7-f97-o1\" lang=\"de-DE\" dir=\"ltr\" data-wpcf7-id=\"97\">\n<div class=\"screen-reader-response\"><p role=\"status\" aria-live=\"polite\" aria-atomic=\"true\"><\/p> <ul><\/ul><\/div>\n<form action=\"\/musterseite-1\/wp-json\/wp\/v2\/pages\/33#wpcf7-f97-o1\" method=\"post\" class=\"wpcf7-form init\" aria-label=\"Kontaktformular\" novalidate=\"novalidate\" data-status=\"init\">\n<fieldset class=\"hidden-fields-container\"><input type=\"hidden\" name=\"_wpcf7\" value=\"97\" \/><input type=\"hidden\" name=\"_wpcf7_version\" value=\"6.1.5\" \/><input type=\"hidden\" name=\"_wpcf7_locale\" value=\"de_DE\" \/><input type=\"hidden\" name=\"_wpcf7_unit_tag\" value=\"wpcf7-f97-o1\" \/><input type=\"hidden\" name=\"_wpcf7_container_post\" value=\"0\" \/><input type=\"hidden\" name=\"_wpcf7_posted_data_hash\" value=\"\" \/>\n<\/fieldset>\n<p><span id=\"wpcf7-69dce0f0ea775-wrapper\" class=\"wpcf7-form-control-wrap Anrede-wrap\" style=\"display:none !important; visibility:hidden !important;\"><label for=\"wpcf7-69dce0f0ea775-field\" class=\"hp-message\">Bitte lasse dieses Feld leer.<\/label><input id=\"wpcf7-69dce0f0ea775-field\"  class=\"wpcf7-form-control wpcf7-text\" type=\"text\" name=\"Anrede\" value=\"\" size=\"40\" tabindex=\"-1\" autocomplete=\"new-password\" \/><\/span>\n<\/p>\n<p><label> Name<br \/>\n<span class=\"wpcf7-form-control-wrap\" data-name=\"your-name\"><input size=\"40\" maxlength=\"400\" class=\"wpcf7-form-control wpcf7-text wpcf7-validates-as-required\" autocomplete=\"name\" aria-required=\"true\" aria-invalid=\"false\" value=\"\" type=\"text\" name=\"your-name\" \/><\/span> <\/label>\n<\/p>\n<p><span id=\"wpcf7-69dce0f0ea9b6-wrapper\" class=\"wpcf7-form-control-wrap Unternehmen-wrap\" style=\"display:none !important; visibility:hidden !important;\"><label for=\"wpcf7-69dce0f0ea9b6-field\" class=\"hp-message\">Bitte lasse dieses Feld leer.<\/label><input id=\"wpcf7-69dce0f0ea9b6-field\"  class=\"wpcf7-form-control wpcf7-text\" type=\"text\" name=\"Unternehmen\" value=\"\" size=\"40\" tabindex=\"-1\" autocomplete=\"new-password\" \/><\/span>\n<\/p>\n<p><label> Telefon<br \/>\n<span class=\"wpcf7-form-control-wrap\" data-name=\"telefon\"><input size=\"40\" maxlength=\"400\" class=\"wpcf7-form-control wpcf7-tel wpcf7-text wpcf7-validates-as-tel\" autocomplete=\"tel\" aria-invalid=\"false\" value=\"\" type=\"tel\" name=\"telefon\" \/><\/span><\/label>\n<\/p>\n<p><label> E-Mail-Adresse*<br \/>\n<span class=\"wpcf7-form-control-wrap\" data-name=\"your-email\"><input size=\"40\" maxlength=\"400\" class=\"wpcf7-form-control wpcf7-email wpcf7-validates-as-required wpcf7-text wpcf7-validates-as-email\" autocomplete=\"email\" aria-required=\"true\" aria-invalid=\"false\" value=\"\" type=\"email\" name=\"your-email\" \/><\/span> <\/label>\n<\/p>\n<p><label> Ihre Nachricht<br \/>\n<span class=\"wpcf7-form-control-wrap\" data-name=\"your-message\"><textarea cols=\"40\" rows=\"10\" maxlength=\"2000\" class=\"wpcf7-form-control wpcf7-textarea wpcf7-validates-as-required\" aria-required=\"true\" aria-invalid=\"false\" name=\"your-message\"><\/textarea><\/span> <\/label>\n<\/p>\n<p><span class=\"wpcf7-form-control-wrap\" data-name=\"sicherheitsfrage\"><label><span class=\"wpcf7-quiz-label\">Was ergibt 4+5? (Sicherheitsfrage)<\/span> <input size=\"40\" class=\"wpcf7-form-control wpcf7-quiz\" autocomplete=\"off\" aria-required=\"true\" aria-invalid=\"false\" type=\"text\" name=\"sicherheitsfrage\" \/><\/label><input type=\"hidden\" name=\"_wpcf7_quiz_answer_sicherheitsfrage\" value=\"295676c8b6da9db46684127f40ea69fe\" \/><\/span>\n<\/p>\n<p><input class=\"wpcf7-form-control wpcf7-submit has-spinner wp-block-button__link has-white-color has-secondary-background-color has-text-color has-background has-link-color wp-element-button\" type=\"submit\" value=\"Senden\" \/>\n<\/p><div class=\"wpcf7-response-output\" aria-hidden=\"true\"><\/div>\n<\/form>\n<\/div>\n<\/div>\n<\/div>\n<\/div>\n<\/div>\n","protected":false},"excerpt":{"rendered":"<p>Ihr Weg zu mehr Stabilit\u00e4t Unser Pilates-Angebot verbindet effektives Ganzk\u00f6rpertraining mit physiotherapeutischer Expertise. Mit gezielten \u00dcbungen f\u00f6rdern wir die Stabilisierung der K\u00f6rpermitte, verbessern Ihre Haltung und st\u00e4rken die Tiefenmuskulatur. Pilates eignet sich ideal zur Rehabilitation, zur Vorbeugung von Beschwerden und zur Verbesserung der Beweglichkeit. Ob als Einzeltraining oder in kleinen Gruppen \u2013 unsere qualifizierten Trainerinnen [&hellip;]<\/p>\n","protected":false},"author":1,"featured_media":78,"parent":0,"menu_order":0,"comment_status":"closed","ping_status":"closed","template":"","meta":{"footnotes":""},"class_list":["post-33","page","type-page","status-publish","has-post-thumbnail","hentry"],"blocksy_meta":[],"yoast_head":"<!-- This site is optimized with the Yoast SEO plugin v27.1.1 - https:\/\/yoast.com\/product\/yoast-seo-wordpress\/ -->\n<title>Pilates - Musterseite 1<\/title>\n<meta name=\"description\" content=\"Unser Pilates-Angebot verbindet effektives Ganzk\u00f6rpertraining mit physiotherapeutischer Expertise. Jetzt mehr erfahren.\" \/>\n<meta name=\"robots\" content=\"noindex, follow, max-snippet:-1, max-image-preview:large, max-video-preview:-1\" \/>\n<meta property=\"og:locale\" content=\"de_DE\" \/>\n<meta property=\"og:type\" content=\"article\" \/>\n<meta property=\"og:title\" content=\"Pilates - Musterseite 1\" \/>\n<meta property=\"og:description\" content=\"Unser Pilates-Angebot verbindet effektives Ganzk\u00f6rpertraining mit physiotherapeutischer Expertise. Jetzt mehr erfahren.\" \/>\n<meta property=\"og:url\" content=\"https:\/\/theorg-homepageservice-kunden.de\/musterseite-1\/pilates\/\" \/>\n<meta property=\"og:site_name\" content=\"Musterseite 1\" \/>\n<meta property=\"article:modified_time\" content=\"2025-08-14T10:08:33+00:00\" \/>\n<meta property=\"og:image\" content=\"https:\/\/theorg-homepageservice-kunden.de\/musterseite-1\/wp-content\/uploads\/sites\/2\/2025\/08\/pilates-1.webp\" \/>\n\t<meta property=\"og:image:width\" content=\"1500\" \/>\n\t<meta property=\"og:image:height\" content=\"1000\" \/>\n\t<meta property=\"og:image:type\" content=\"image\/webp\" \/>\n<meta name=\"twitter:card\" content=\"summary_large_image\" \/>\n<meta name=\"twitter:label1\" content=\"Gesch\u00e4tzte Lesezeit\" \/>\n\t<meta name=\"twitter:data1\" content=\"1\u00a0Minute\" \/>\n<script type=\"application\/ld+json\" class=\"yoast-schema-graph\">{\"@context\":\"https:\/\/schema.org\",\"@graph\":[{\"@type\":\"WebPage\",\"@id\":\"https:\/\/theorg-homepageservice-kunden.de\/musterseite-1\/pilates\/\",\"url\":\"https:\/\/theorg-homepageservice-kunden.de\/musterseite-1\/pilates\/\",\"name\":\"Pilates - Musterseite 1\",\"isPartOf\":{\"@id\":\"https:\/\/theorg-homepageservice-kunden.de\/musterseite-1\/#website\"},\"primaryImageOfPage\":{\"@id\":\"https:\/\/theorg-homepageservice-kunden.de\/musterseite-1\/pilates\/#primaryimage\"},\"image\":{\"@id\":\"https:\/\/theorg-homepageservice-kunden.de\/musterseite-1\/pilates\/#primaryimage\"},\"thumbnailUrl\":\"https:\/\/theorg-homepageservice-kunden.de\/musterseite-1\/wp-content\/uploads\/sites\/2\/2025\/08\/pilates-1.webp\",\"datePublished\":\"2025-08-01T14:10:25+00:00\",\"dateModified\":\"2025-08-14T10:08:33+00:00\",\"description\":\"Unser Pilates-Angebot verbindet effektives Ganzk\u00f6rpertraining mit physiotherapeutischer Expertise. Jetzt mehr erfahren.\",\"breadcrumb\":{\"@id\":\"https:\/\/theorg-homepageservice-kunden.de\/musterseite-1\/pilates\/#breadcrumb\"},\"inLanguage\":\"de\",\"potentialAction\":[{\"@type\":\"ReadAction\",\"target\":[\"https:\/\/theorg-homepageservice-kunden.de\/musterseite-1\/pilates\/\"]}]},{\"@type\":\"ImageObject\",\"inLanguage\":\"de\",\"@id\":\"https:\/\/theorg-homepageservice-kunden.de\/musterseite-1\/pilates\/#primaryimage\",\"url\":\"https:\/\/theorg-homepageservice-kunden.de\/musterseite-1\/wp-content\/uploads\/sites\/2\/2025\/08\/pilates-1.webp\",\"contentUrl\":\"https:\/\/theorg-homepageservice-kunden.de\/musterseite-1\/wp-content\/uploads\/sites\/2\/2025\/08\/pilates-1.webp\",\"width\":1500,\"height\":1000,\"caption\":\"Eine Frau liegt auf einer Liege, sie hat die Beine auf einer erh\u00f6hten Stange. Die Frau dr\u00fcckt den R\u00fccken nach oben, w\u00e4hrend eine andere Frau ihre Knie stabilisiert.\"},{\"@type\":\"BreadcrumbList\",\"@id\":\"https:\/\/theorg-homepageservice-kunden.de\/musterseite-1\/pilates\/#breadcrumb\",\"itemListElement\":[{\"@type\":\"ListItem\",\"position\":1,\"name\":\"Startseite\",\"item\":\"https:\/\/theorg-homepageservice-kunden.de\/musterseite-1\/\"},{\"@type\":\"ListItem\",\"position\":2,\"name\":\"Pilates\"}]},{\"@type\":\"WebSite\",\"@id\":\"https:\/\/theorg-homepageservice-kunden.de\/musterseite-1\/#website\",\"url\":\"https:\/\/theorg-homepageservice-kunden.de\/musterseite-1\/\",\"name\":\"Musterseite 1\",\"description\":\"\",\"publisher\":{\"@id\":\"https:\/\/theorg-homepageservice-kunden.de\/musterseite-1\/#organization\"},\"potentialAction\":[{\"@type\":\"SearchAction\",\"target\":{\"@type\":\"EntryPoint\",\"urlTemplate\":\"https:\/\/theorg-homepageservice-kunden.de\/musterseite-1\/?s={search_term_string}\"},\"query-input\":{\"@type\":\"PropertyValueSpecification\",\"valueRequired\":true,\"valueName\":\"search_term_string\"}}],\"inLanguage\":\"de\"},{\"@type\":\"Organization\",\"@id\":\"https:\/\/theorg-homepageservice-kunden.de\/musterseite-1\/#organization\",\"name\":\"Musterseite 1\",\"url\":\"https:\/\/theorg-homepageservice-kunden.de\/musterseite-1\/\",\"logo\":{\"@type\":\"ImageObject\",\"inLanguage\":\"de\",\"@id\":\"https:\/\/theorg-homepageservice-kunden.de\/musterseite-1\/#\/schema\/logo\/image\/\",\"url\":\"https:\/\/theorg-homepageservice-kunden.de\/musterseite-1\/wp-content\/uploads\/sites\/2\/2025\/08\/sanare_logo_mint.webp\",\"contentUrl\":\"https:\/\/theorg-homepageservice-kunden.de\/musterseite-1\/wp-content\/uploads\/sites\/2\/2025\/08\/sanare_logo_mint.webp\",\"width\":400,\"height\":101,\"caption\":\"Musterseite 1\"},\"image\":{\"@id\":\"https:\/\/theorg-homepageservice-kunden.de\/musterseite-1\/#\/schema\/logo\/image\/\"}}]}<\/script>\n<!-- \/ Yoast SEO plugin. -->","yoast_head_json":{"title":"Pilates - Musterseite 1","description":"Unser Pilates-Angebot verbindet effektives Ganzk\u00f6rpertraining mit physiotherapeutischer Expertise. Jetzt mehr erfahren.","robots":{"index":"noindex","follow":"follow","max-snippet":"max-snippet:-1","max-image-preview":"max-image-preview:large","max-video-preview":"max-video-preview:-1"},"og_locale":"de_DE","og_type":"article","og_title":"Pilates - Musterseite 1","og_description":"Unser Pilates-Angebot verbindet effektives Ganzk\u00f6rpertraining mit physiotherapeutischer Expertise. Jetzt mehr erfahren.","og_url":"https:\/\/theorg-homepageservice-kunden.de\/musterseite-1\/pilates\/","og_site_name":"Musterseite 1","article_modified_time":"2025-08-14T10:08:33+00:00","og_image":[{"width":1500,"height":1000,"url":"https:\/\/theorg-homepageservice-kunden.de\/musterseite-1\/wp-content\/uploads\/sites\/2\/2025\/08\/pilates-1.webp","type":"image\/webp"}],"twitter_card":"summary_large_image","twitter_misc":{"Gesch\u00e4tzte Lesezeit":"1\u00a0Minute"},"schema":{"@context":"https:\/\/schema.org","@graph":[{"@type":"WebPage","@id":"https:\/\/theorg-homepageservice-kunden.de\/musterseite-1\/pilates\/","url":"https:\/\/theorg-homepageservice-kunden.de\/musterseite-1\/pilates\/","name":"Pilates - Musterseite 1","isPartOf":{"@id":"https:\/\/theorg-homepageservice-kunden.de\/musterseite-1\/#website"},"primaryImageOfPage":{"@id":"https:\/\/theorg-homepageservice-kunden.de\/musterseite-1\/pilates\/#primaryimage"},"image":{"@id":"https:\/\/theorg-homepageservice-kunden.de\/musterseite-1\/pilates\/#primaryimage"},"thumbnailUrl":"https:\/\/theorg-homepageservice-kunden.de\/musterseite-1\/wp-content\/uploads\/sites\/2\/2025\/08\/pilates-1.webp","datePublished":"2025-08-01T14:10:25+00:00","dateModified":"2025-08-14T10:08:33+00:00","description":"Unser Pilates-Angebot verbindet effektives Ganzk\u00f6rpertraining mit physiotherapeutischer Expertise. Jetzt mehr erfahren.","breadcrumb":{"@id":"https:\/\/theorg-homepageservice-kunden.de\/musterseite-1\/pilates\/#breadcrumb"},"inLanguage":"de","potentialAction":[{"@type":"ReadAction","target":["https:\/\/theorg-homepageservice-kunden.de\/musterseite-1\/pilates\/"]}]},{"@type":"ImageObject","inLanguage":"de","@id":"https:\/\/theorg-homepageservice-kunden.de\/musterseite-1\/pilates\/#primaryimage","url":"https:\/\/theorg-homepageservice-kunden.de\/musterseite-1\/wp-content\/uploads\/sites\/2\/2025\/08\/pilates-1.webp","contentUrl":"https:\/\/theorg-homepageservice-kunden.de\/musterseite-1\/wp-content\/uploads\/sites\/2\/2025\/08\/pilates-1.webp","width":1500,"height":1000,"caption":"Eine Frau liegt auf einer Liege, sie hat die Beine auf einer erh\u00f6hten Stange. Die Frau dr\u00fcckt den R\u00fccken nach oben, w\u00e4hrend eine andere Frau ihre Knie stabilisiert."},{"@type":"BreadcrumbList","@id":"https:\/\/theorg-homepageservice-kunden.de\/musterseite-1\/pilates\/#breadcrumb","itemListElement":[{"@type":"ListItem","position":1,"name":"Startseite","item":"https:\/\/theorg-homepageservice-kunden.de\/musterseite-1\/"},{"@type":"ListItem","position":2,"name":"Pilates"}]},{"@type":"WebSite","@id":"https:\/\/theorg-homepageservice-kunden.de\/musterseite-1\/#website","url":"https:\/\/theorg-homepageservice-kunden.de\/musterseite-1\/","name":"Musterseite 1","description":"","publisher":{"@id":"https:\/\/theorg-homepageservice-kunden.de\/musterseite-1\/#organization"},"potentialAction":[{"@type":"SearchAction","target":{"@type":"EntryPoint","urlTemplate":"https:\/\/theorg-homepageservice-kunden.de\/musterseite-1\/?s={search_term_string}"},"query-input":{"@type":"PropertyValueSpecification","valueRequired":true,"valueName":"search_term_string"}}],"inLanguage":"de"},{"@type":"Organization","@id":"https:\/\/theorg-homepageservice-kunden.de\/musterseite-1\/#organization","name":"Musterseite 1","url":"https:\/\/theorg-homepageservice-kunden.de\/musterseite-1\/","logo":{"@type":"ImageObject","inLanguage":"de","@id":"https:\/\/theorg-homepageservice-kunden.de\/musterseite-1\/#\/schema\/logo\/image\/","url":"https:\/\/theorg-homepageservice-kunden.de\/musterseite-1\/wp-content\/uploads\/sites\/2\/2025\/08\/sanare_logo_mint.webp","contentUrl":"https:\/\/theorg-homepageservice-kunden.de\/musterseite-1\/wp-content\/uploads\/sites\/2\/2025\/08\/sanare_logo_mint.webp","width":400,"height":101,"caption":"Musterseite 1"},"image":{"@id":"https:\/\/theorg-homepageservice-kunden.de\/musterseite-1\/#\/schema\/logo\/image\/"}}]}},"_links":{"self":[{"href":"https:\/\/theorg-homepageservice-kunden.de\/musterseite-1\/wp-json\/wp\/v2\/pages\/33","targetHints":{"allow":["GET"]}}],"collection":[{"href":"https:\/\/theorg-homepageservice-kunden.de\/musterseite-1\/wp-json\/wp\/v2\/pages"}],"about":[{"href":"https:\/\/theorg-homepageservice-kunden.de\/musterseite-1\/wp-json\/wp\/v2\/types\/page"}],"author":[{"embeddable":true,"href":"https:\/\/theorg-homepageservice-kunden.de\/musterseite-1\/wp-json\/wp\/v2\/users\/1"}],"replies":[{"embeddable":true,"href":"https:\/\/theorg-homepageservice-kunden.de\/musterseite-1\/wp-json\/wp\/v2\/comments?post=33"}],"version-history":[{"count":3,"href":"https:\/\/theorg-homepageservice-kunden.de\/musterseite-1\/wp-json\/wp\/v2\/pages\/33\/revisions"}],"predecessor-version":[{"id":253,"href":"https:\/\/theorg-homepageservice-kunden.de\/musterseite-1\/wp-json\/wp\/v2\/pages\/33\/revisions\/253"}],"wp:featuredmedia":[{"embeddable":true,"href":"https:\/\/theorg-homepageservice-kunden.de\/musterseite-1\/wp-json\/wp\/v2\/media\/78"}],"wp:attachment":[{"href":"https:\/\/theorg-homepageservice-kunden.de\/musterseite-1\/wp-json\/wp\/v2\/media?parent=33"}],"curies":[{"name":"wp","href":"https:\/\/api.w.org\/{rel}","templated":true}]}}