{"id":549,"date":"2025-07-19T14:39:42","date_gmt":"2025-07-19T14:39:42","guid":{"rendered":"https:\/\/theorg-homepageservice-kunden.de\/musterseite-2\/?page_id=549"},"modified":"2025-08-25T12:45:07","modified_gmt":"2025-08-25T12:45:07","slug":"pilates-2","status":"publish","type":"page","link":"https:\/\/theorg-homepageservice-kunden.de\/musterseite-2\/pilates-2\/","title":{"rendered":"Pilates"},"content":{"rendered":"\n<div class=\"wp-block-group alignfull has-global-padding is-layout-constrained wp-block-group-is-layout-constrained\">\n<div class=\"wp-block-group alignwide is-layout-flow wp-block-group-is-layout-flow\">\n<p>Unser Pilates-Angebot verbindet effektives Ganzk\u00f6rpertraining mit physiotherapeutischer Expertise. Mit gezielten \u00dcbungen f\u00f6rdern wir die Stabilisierung der K\u00f6rpermitte, verbessern Ihre Haltung und st\u00e4rken die Tiefenmuskulatur. Pilates eignet sich ideal zur Rehabilitation, zur Vorbeugung von Beschwerden und zur Verbesserung der Beweglichkeit.<\/p>\n\n\n\n<p>Ob als Einzeltraining oder in kleinen Gruppen \u2013 unsere qualifizierten Trainerinnen und Trainer begleiten Sie individuell und achtsam, sodass die \u00dcbungen optimal auf Ihre Bed\u00fcrfnisse abgestimmt sind. Entdecken Sie Pilates als sanften, aber wirkungsvollen Weg zu einem gesunden und starken K\u00f6rper.<\/p>\n\n\n\n<div style=\"height:80px\" aria-hidden=\"true\" class=\"wp-block-spacer\"><\/div>\n<\/div>\n<\/div>\n","protected":false},"excerpt":{"rendered":"<p>Unser Pilates-Angebot verbindet effektives Ganzk\u00f6rpertraining mit physiotherapeutischer Expertise. Mit gezielten \u00dcbungen f\u00f6rdern wir die Stabilisierung der K\u00f6rpermitte, verbessern Ihre Haltung und st\u00e4rken die Tiefenmuskulatur. Pilates eignet sich ideal zur Rehabilitation, zur Vorbeugung von Beschwerden und zur Verbesserung der Beweglichkeit. Ob als Einzeltraining oder in kleinen Gruppen \u2013 unsere qualifizierten Trainerinnen und Trainer begleiten Sie individuell [&hellip;]<\/p>\n","protected":false},"author":2,"featured_media":28,"parent":0,"menu_order":0,"comment_status":"closed","ping_status":"closed","template":"","meta":{"_uag_custom_page_level_css":"","_swt_meta_header_display":false,"_swt_meta_footer_display":false,"_swt_meta_site_title_display":false,"_swt_meta_sticky_header":false,"_swt_meta_transparent_header":false,"footnotes":""},"class_list":["post-549","page","type-page","status-publish","has-post-thumbnail","hentry"],"yoast_head":"<!-- This site is optimized with the Yoast SEO plugin v27.1.1 - https:\/\/yoast.com\/product\/yoast-seo-wordpress\/ -->\n<title>Pilates - Musterseite 2<\/title>\n<meta name=\"description\" content=\"Unser Pilates-Angebot verbindet effektives Ganzk\u00f6rpertraining mit physiotherapeutischer Expertise. Jetzt mehr erfahren.\" \/>\n<meta name=\"robots\" content=\"noindex, follow, max-snippet:-1, max-image-preview:large, max-video-preview:-1\" \/>\n<meta property=\"og:locale\" content=\"de_DE\" \/>\n<meta property=\"og:type\" content=\"article\" \/>\n<meta property=\"og:title\" content=\"Pilates - Musterseite 2\" \/>\n<meta property=\"og:description\" content=\"Unser Pilates-Angebot verbindet effektives Ganzk\u00f6rpertraining mit physiotherapeutischer Expertise. Jetzt mehr erfahren.\" \/>\n<meta property=\"og:url\" content=\"https:\/\/theorg-homepageservice-kunden.de\/musterseite-2\/pilates-2\/\" \/>\n<meta property=\"og:site_name\" content=\"Musterseite 2\" \/>\n<meta property=\"article:modified_time\" content=\"2025-08-25T12:45:07+00:00\" \/>\n<meta property=\"og:image\" content=\"https:\/\/theorg-homepageservice-kunden.de\/musterseite-2\/wp-content\/uploads\/sites\/3\/2025\/05\/pilates.webp\" \/>\n\t<meta property=\"og:image:width\" content=\"1500\" \/>\n\t<meta property=\"og:image:height\" content=\"1000\" \/>\n\t<meta property=\"og:image:type\" content=\"image\/webp\" \/>\n<meta name=\"twitter:card\" content=\"summary_large_image\" \/>\n<meta name=\"twitter:label1\" content=\"Gesch\u00e4tzte Lesezeit\" \/>\n\t<meta name=\"twitter:data1\" content=\"1\u00a0Minute\" \/>\n<script type=\"application\/ld+json\" class=\"yoast-schema-graph\">{\"@context\":\"https:\/\/schema.org\",\"@graph\":[{\"@type\":\"WebPage\",\"@id\":\"https:\/\/theorg-homepageservice-kunden.de\/musterseite-2\/pilates-2\/\",\"url\":\"https:\/\/theorg-homepageservice-kunden.de\/musterseite-2\/pilates-2\/\",\"name\":\"Pilates - Musterseite 2\",\"isPartOf\":{\"@id\":\"https:\/\/theorg-homepageservice-kunden.de\/musterseite-2\/#website\"},\"primaryImageOfPage\":{\"@id\":\"https:\/\/theorg-homepageservice-kunden.de\/musterseite-2\/pilates-2\/#primaryimage\"},\"image\":{\"@id\":\"https:\/\/theorg-homepageservice-kunden.de\/musterseite-2\/pilates-2\/#primaryimage\"},\"thumbnailUrl\":\"https:\/\/theorg-homepageservice-kunden.de\/musterseite-2\/wp-content\/uploads\/sites\/3\/2025\/05\/pilates.webp\",\"datePublished\":\"2025-07-19T14:39:42+00:00\",\"dateModified\":\"2025-08-25T12:45:07+00:00\",\"description\":\"Unser Pilates-Angebot verbindet effektives Ganzk\u00f6rpertraining mit physiotherapeutischer Expertise. Jetzt mehr erfahren.\",\"breadcrumb\":{\"@id\":\"https:\/\/theorg-homepageservice-kunden.de\/musterseite-2\/pilates-2\/#breadcrumb\"},\"inLanguage\":\"de\",\"potentialAction\":[{\"@type\":\"ReadAction\",\"target\":[\"https:\/\/theorg-homepageservice-kunden.de\/musterseite-2\/pilates-2\/\"]}]},{\"@type\":\"ImageObject\",\"inLanguage\":\"de\",\"@id\":\"https:\/\/theorg-homepageservice-kunden.de\/musterseite-2\/pilates-2\/#primaryimage\",\"url\":\"https:\/\/theorg-homepageservice-kunden.de\/musterseite-2\/wp-content\/uploads\/sites\/3\/2025\/05\/pilates.webp\",\"contentUrl\":\"https:\/\/theorg-homepageservice-kunden.de\/musterseite-2\/wp-content\/uploads\/sites\/3\/2025\/05\/pilates.webp\",\"width\":1500,\"height\":1000,\"caption\":\"Eine Frau liegt auf einer Liege, sie hat die Beine auf einer erh\u00f6hten Stange. Die Frau dr\u00fcckt den R\u00fccken nach oben, w\u00e4hrend eine andere Frau ihre Knie stabilisiert.\"},{\"@type\":\"BreadcrumbList\",\"@id\":\"https:\/\/theorg-homepageservice-kunden.de\/musterseite-2\/pilates-2\/#breadcrumb\",\"itemListElement\":[{\"@type\":\"ListItem\",\"position\":1,\"name\":\"Startseite\",\"item\":\"https:\/\/theorg-homepageservice-kunden.de\/musterseite-2\/\"},{\"@type\":\"ListItem\",\"position\":2,\"name\":\"Pilates\"}]},{\"@type\":\"WebSite\",\"@id\":\"https:\/\/theorg-homepageservice-kunden.de\/musterseite-2\/#website\",\"url\":\"https:\/\/theorg-homepageservice-kunden.de\/musterseite-2\/\",\"name\":\"Musterseite 2\",\"description\":\"sanare Physiotherapie Musterseite 2\",\"publisher\":{\"@id\":\"https:\/\/theorg-homepageservice-kunden.de\/musterseite-2\/#organization\"},\"potentialAction\":[{\"@type\":\"SearchAction\",\"target\":{\"@type\":\"EntryPoint\",\"urlTemplate\":\"https:\/\/theorg-homepageservice-kunden.de\/musterseite-2\/?s={search_term_string}\"},\"query-input\":{\"@type\":\"PropertyValueSpecification\",\"valueRequired\":true,\"valueName\":\"search_term_string\"}}],\"inLanguage\":\"de\"},{\"@type\":\"Organization\",\"@id\":\"https:\/\/theorg-homepageservice-kunden.de\/musterseite-2\/#organization\",\"name\":\"Musterseite 2\",\"url\":\"https:\/\/theorg-homepageservice-kunden.de\/musterseite-2\/\",\"logo\":{\"@type\":\"ImageObject\",\"inLanguage\":\"de\",\"@id\":\"https:\/\/theorg-homepageservice-kunden.de\/musterseite-2\/#\/schema\/logo\/image\/\",\"url\":\"https:\/\/theorg-homepageservice-kunden.de\/musterseite-2\/wp-content\/uploads\/sites\/3\/2025\/07\/sanare_logo_lila.webp\",\"contentUrl\":\"https:\/\/theorg-homepageservice-kunden.de\/musterseite-2\/wp-content\/uploads\/sites\/3\/2025\/07\/sanare_logo_lila.webp\",\"width\":512,\"height\":129,\"caption\":\"Musterseite 2\"},\"image\":{\"@id\":\"https:\/\/theorg-homepageservice-kunden.de\/musterseite-2\/#\/schema\/logo\/image\/\"}}]}<\/script>\n<!-- \/ Yoast SEO plugin. -->","yoast_head_json":{"title":"Pilates - Musterseite 2","description":"Unser Pilates-Angebot verbindet effektives Ganzk\u00f6rpertraining mit physiotherapeutischer Expertise. Jetzt mehr erfahren.","robots":{"index":"noindex","follow":"follow","max-snippet":"max-snippet:-1","max-image-preview":"max-image-preview:large","max-video-preview":"max-video-preview:-1"},"og_locale":"de_DE","og_type":"article","og_title":"Pilates - Musterseite 2","og_description":"Unser Pilates-Angebot verbindet effektives Ganzk\u00f6rpertraining mit physiotherapeutischer Expertise. Jetzt mehr erfahren.","og_url":"https:\/\/theorg-homepageservice-kunden.de\/musterseite-2\/pilates-2\/","og_site_name":"Musterseite 2","article_modified_time":"2025-08-25T12:45:07+00:00","og_image":[{"width":1500,"height":1000,"url":"https:\/\/theorg-homepageservice-kunden.de\/musterseite-2\/wp-content\/uploads\/sites\/3\/2025\/05\/pilates.webp","type":"image\/webp"}],"twitter_card":"summary_large_image","twitter_misc":{"Gesch\u00e4tzte Lesezeit":"1\u00a0Minute"},"schema":{"@context":"https:\/\/schema.org","@graph":[{"@type":"WebPage","@id":"https:\/\/theorg-homepageservice-kunden.de\/musterseite-2\/pilates-2\/","url":"https:\/\/theorg-homepageservice-kunden.de\/musterseite-2\/pilates-2\/","name":"Pilates - Musterseite 2","isPartOf":{"@id":"https:\/\/theorg-homepageservice-kunden.de\/musterseite-2\/#website"},"primaryImageOfPage":{"@id":"https:\/\/theorg-homepageservice-kunden.de\/musterseite-2\/pilates-2\/#primaryimage"},"image":{"@id":"https:\/\/theorg-homepageservice-kunden.de\/musterseite-2\/pilates-2\/#primaryimage"},"thumbnailUrl":"https:\/\/theorg-homepageservice-kunden.de\/musterseite-2\/wp-content\/uploads\/sites\/3\/2025\/05\/pilates.webp","datePublished":"2025-07-19T14:39:42+00:00","dateModified":"2025-08-25T12:45:07+00:00","description":"Unser Pilates-Angebot verbindet effektives Ganzk\u00f6rpertraining mit physiotherapeutischer Expertise. Jetzt mehr erfahren.","breadcrumb":{"@id":"https:\/\/theorg-homepageservice-kunden.de\/musterseite-2\/pilates-2\/#breadcrumb"},"inLanguage":"de","potentialAction":[{"@type":"ReadAction","target":["https:\/\/theorg-homepageservice-kunden.de\/musterseite-2\/pilates-2\/"]}]},{"@type":"ImageObject","inLanguage":"de","@id":"https:\/\/theorg-homepageservice-kunden.de\/musterseite-2\/pilates-2\/#primaryimage","url":"https:\/\/theorg-homepageservice-kunden.de\/musterseite-2\/wp-content\/uploads\/sites\/3\/2025\/05\/pilates.webp","contentUrl":"https:\/\/theorg-homepageservice-kunden.de\/musterseite-2\/wp-content\/uploads\/sites\/3\/2025\/05\/pilates.webp","width":1500,"height":1000,"caption":"Eine Frau liegt auf einer Liege, sie hat die Beine auf einer erh\u00f6hten Stange. Die Frau dr\u00fcckt den R\u00fccken nach oben, w\u00e4hrend eine andere Frau ihre Knie stabilisiert."},{"@type":"BreadcrumbList","@id":"https:\/\/theorg-homepageservice-kunden.de\/musterseite-2\/pilates-2\/#breadcrumb","itemListElement":[{"@type":"ListItem","position":1,"name":"Startseite","item":"https:\/\/theorg-homepageservice-kunden.de\/musterseite-2\/"},{"@type":"ListItem","position":2,"name":"Pilates"}]},{"@type":"WebSite","@id":"https:\/\/theorg-homepageservice-kunden.de\/musterseite-2\/#website","url":"https:\/\/theorg-homepageservice-kunden.de\/musterseite-2\/","name":"Musterseite 2","description":"sanare Physiotherapie Musterseite 2","publisher":{"@id":"https:\/\/theorg-homepageservice-kunden.de\/musterseite-2\/#organization"},"potentialAction":[{"@type":"SearchAction","target":{"@type":"EntryPoint","urlTemplate":"https:\/\/theorg-homepageservice-kunden.de\/musterseite-2\/?s={search_term_string}"},"query-input":{"@type":"PropertyValueSpecification","valueRequired":true,"valueName":"search_term_string"}}],"inLanguage":"de"},{"@type":"Organization","@id":"https:\/\/theorg-homepageservice-kunden.de\/musterseite-2\/#organization","name":"Musterseite 2","url":"https:\/\/theorg-homepageservice-kunden.de\/musterseite-2\/","logo":{"@type":"ImageObject","inLanguage":"de","@id":"https:\/\/theorg-homepageservice-kunden.de\/musterseite-2\/#\/schema\/logo\/image\/","url":"https:\/\/theorg-homepageservice-kunden.de\/musterseite-2\/wp-content\/uploads\/sites\/3\/2025\/07\/sanare_logo_lila.webp","contentUrl":"https:\/\/theorg-homepageservice-kunden.de\/musterseite-2\/wp-content\/uploads\/sites\/3\/2025\/07\/sanare_logo_lila.webp","width":512,"height":129,"caption":"Musterseite 2"},"image":{"@id":"https:\/\/theorg-homepageservice-kunden.de\/musterseite-2\/#\/schema\/logo\/image\/"}}]}},"uagb_featured_image_src":{"full":["https:\/\/theorg-homepageservice-kunden.de\/musterseite-2\/wp-content\/uploads\/sites\/3\/2025\/05\/pilates.webp",1500,1000,false],"thumbnail":["https:\/\/theorg-homepageservice-kunden.de\/musterseite-2\/wp-content\/uploads\/sites\/3\/2025\/05\/pilates-150x150.webp",150,150,true],"medium":["https:\/\/theorg-homepageservice-kunden.de\/musterseite-2\/wp-content\/uploads\/sites\/3\/2025\/05\/pilates-300x200.webp",300,200,true],"medium_large":["https:\/\/theorg-homepageservice-kunden.de\/musterseite-2\/wp-content\/uploads\/sites\/3\/2025\/05\/pilates-768x512.webp",768,512,true],"large":["https:\/\/theorg-homepageservice-kunden.de\/musterseite-2\/wp-content\/uploads\/sites\/3\/2025\/05\/pilates-1024x683.webp",1024,683,true],"1536x1536":["https:\/\/theorg-homepageservice-kunden.de\/musterseite-2\/wp-content\/uploads\/sites\/3\/2025\/05\/pilates.webp",1500,1000,false],"2048x2048":["https:\/\/theorg-homepageservice-kunden.de\/musterseite-2\/wp-content\/uploads\/sites\/3\/2025\/05\/pilates.webp",1500,1000,false]},"uagb_author_info":{"display_name":"admin_pkr","author_link":"https:\/\/theorg-homepageservice-kunden.de\/musterseite-2\/author\/admin_pkr\/"},"uagb_comment_info":0,"uagb_excerpt":"Unser Pilates-Angebot verbindet effektives Ganzk\u00f6rpertraining mit physiotherapeutischer Expertise. Mit gezielten \u00dcbungen f\u00f6rdern wir die Stabilisierung der K\u00f6rpermitte, verbessern Ihre Haltung und st\u00e4rken die Tiefenmuskulatur. Pilates eignet sich ideal zur Rehabilitation, zur Vorbeugung von Beschwerden und zur Verbesserung der Beweglichkeit. Ob als Einzeltraining oder in kleinen Gruppen \u2013 unsere qualifizierten Trainerinnen und Trainer begleiten Sie individuell&hellip;","_links":{"self":[{"href":"https:\/\/theorg-homepageservice-kunden.de\/musterseite-2\/wp-json\/wp\/v2\/pages\/549","targetHints":{"allow":["GET"]}}],"collection":[{"href":"https:\/\/theorg-homepageservice-kunden.de\/musterseite-2\/wp-json\/wp\/v2\/pages"}],"about":[{"href":"https:\/\/theorg-homepageservice-kunden.de\/musterseite-2\/wp-json\/wp\/v2\/types\/page"}],"author":[{"embeddable":true,"href":"https:\/\/theorg-homepageservice-kunden.de\/musterseite-2\/wp-json\/wp\/v2\/users\/2"}],"replies":[{"embeddable":true,"href":"https:\/\/theorg-homepageservice-kunden.de\/musterseite-2\/wp-json\/wp\/v2\/comments?post=549"}],"version-history":[{"count":9,"href":"https:\/\/theorg-homepageservice-kunden.de\/musterseite-2\/wp-json\/wp\/v2\/pages\/549\/revisions"}],"predecessor-version":[{"id":657,"href":"https:\/\/theorg-homepageservice-kunden.de\/musterseite-2\/wp-json\/wp\/v2\/pages\/549\/revisions\/657"}],"wp:featuredmedia":[{"embeddable":true,"href":"https:\/\/theorg-homepageservice-kunden.de\/musterseite-2\/wp-json\/wp\/v2\/media\/28"}],"wp:attachment":[{"href":"https:\/\/theorg-homepageservice-kunden.de\/musterseite-2\/wp-json\/wp\/v2\/media?parent=549"}],"curies":[{"name":"wp","href":"https:\/\/api.w.org\/{rel}","templated":true}]}}