{"id":551,"date":"2025-07-19T14:40:01","date_gmt":"2025-07-19T14:40:01","guid":{"rendered":"https:\/\/theorg-homepageservice-kunden.de\/musterseite-2\/?page_id=551"},"modified":"2025-08-25T12:46:14","modified_gmt":"2025-08-25T12:46:14","slug":"entspannungstherapie","status":"publish","type":"page","link":"https:\/\/theorg-homepageservice-kunden.de\/musterseite-2\/entspannungstherapie\/","title":{"rendered":"Entspannungstherapie"},"content":{"rendered":"\n<div class=\"wp-block-group alignwide is-layout-flow wp-block-group-is-layout-flow\">\n<div class=\"wp-block-group is-layout-flow wp-block-group-is-layout-flow\">\n<p>In unserer Praxis bieten wir gezielte Entspannungstherapien an, die darauf abzielen, Stress abzubauen und das allgemeine Wohlbefinden zu steigern. Ob progressive Muskelentspannung, Atem\u00fcbungen oder spezielle Massagetechniken \u2013 wir passen die Methoden individuell an Ihre Bed\u00fcrfnisse an.<\/p>\n\n\n\n<p>Diese Therapien helfen nicht nur bei der Regeneration nach Verletzungen oder Verspannungen, sondern f\u00f6rdern auch die innere Balance und eine nachhaltige Entspannung. G\u00f6nnen Sie Ihrem K\u00f6rper und Geist eine Auszeit und profitieren Sie von unseren professionellen Entspannungsangeboten, um den Alltag mit neuer Energie zu meistern.<\/p>\n\n\n\n<div style=\"height:80px\" aria-hidden=\"true\" class=\"wp-block-spacer\"><\/div>\n<\/div>\n<\/div>\n","protected":false},"excerpt":{"rendered":"<p>In unserer Praxis bieten wir gezielte Entspannungstherapien an, die darauf abzielen, Stress abzubauen und das allgemeine Wohlbefinden zu steigern. Ob progressive Muskelentspannung, Atem\u00fcbungen oder spezielle Massagetechniken \u2013 wir passen die Methoden individuell an Ihre Bed\u00fcrfnisse an. Diese Therapien helfen nicht nur bei der Regeneration nach Verletzungen oder Verspannungen, sondern f\u00f6rdern auch die innere Balance und [&hellip;]<\/p>\n","protected":false},"author":2,"featured_media":31,"parent":0,"menu_order":0,"comment_status":"closed","ping_status":"closed","template":"","meta":{"_uag_custom_page_level_css":"","_swt_meta_header_display":false,"_swt_meta_footer_display":false,"_swt_meta_site_title_display":false,"_swt_meta_sticky_header":false,"_swt_meta_transparent_header":false,"footnotes":""},"class_list":["post-551","page","type-page","status-publish","has-post-thumbnail","hentry"],"yoast_head":"<!-- This site is optimized with the Yoast SEO plugin v27.1.1 - https:\/\/yoast.com\/product\/yoast-seo-wordpress\/ -->\n<title>Entspannungstherapie - Musterseite 2<\/title>\n<meta name=\"description\" content=\"sanare Physiotherapie bietet gezielte Entspannungstherapien an, um Stress abzubauen und das allgemeine Wohlbefinden zu steigern.\" \/>\n<meta name=\"robots\" content=\"noindex, follow, max-snippet:-1, max-image-preview:large, max-video-preview:-1\" \/>\n<meta property=\"og:locale\" content=\"de_DE\" \/>\n<meta property=\"og:type\" content=\"article\" \/>\n<meta property=\"og:title\" content=\"Entspannungstherapie - Musterseite 2\" \/>\n<meta property=\"og:description\" content=\"sanare Physiotherapie bietet gezielte Entspannungstherapien an, um Stress abzubauen und das allgemeine Wohlbefinden zu steigern.\" \/>\n<meta property=\"og:url\" content=\"https:\/\/theorg-homepageservice-kunden.de\/musterseite-2\/entspannungstherapie\/\" \/>\n<meta property=\"og:site_name\" content=\"Musterseite 2\" \/>\n<meta property=\"article:modified_time\" content=\"2025-08-25T12:46:14+00:00\" \/>\n<meta property=\"og:image\" content=\"https:\/\/theorg-homepageservice-kunden.de\/musterseite-2\/wp-content\/uploads\/sites\/3\/2025\/05\/physio_entspannungstherapie.webp\" \/>\n\t<meta property=\"og:image:width\" content=\"1500\" \/>\n\t<meta property=\"og:image:height\" content=\"857\" \/>\n\t<meta property=\"og:image:type\" content=\"image\/webp\" \/>\n<meta name=\"twitter:card\" content=\"summary_large_image\" \/>\n<meta name=\"twitter:label1\" content=\"Gesch\u00e4tzte Lesezeit\" \/>\n\t<meta name=\"twitter:data1\" content=\"1\u00a0Minute\" \/>\n<script type=\"application\/ld+json\" class=\"yoast-schema-graph\">{\"@context\":\"https:\/\/schema.org\",\"@graph\":[{\"@type\":\"WebPage\",\"@id\":\"https:\/\/theorg-homepageservice-kunden.de\/musterseite-2\/entspannungstherapie\/\",\"url\":\"https:\/\/theorg-homepageservice-kunden.de\/musterseite-2\/entspannungstherapie\/\",\"name\":\"Entspannungstherapie - Musterseite 2\",\"isPartOf\":{\"@id\":\"https:\/\/theorg-homepageservice-kunden.de\/musterseite-2\/#website\"},\"primaryImageOfPage\":{\"@id\":\"https:\/\/theorg-homepageservice-kunden.de\/musterseite-2\/entspannungstherapie\/#primaryimage\"},\"image\":{\"@id\":\"https:\/\/theorg-homepageservice-kunden.de\/musterseite-2\/entspannungstherapie\/#primaryimage\"},\"thumbnailUrl\":\"https:\/\/theorg-homepageservice-kunden.de\/musterseite-2\/wp-content\/uploads\/sites\/3\/2025\/05\/physio_entspannungstherapie.webp\",\"datePublished\":\"2025-07-19T14:40:01+00:00\",\"dateModified\":\"2025-08-25T12:46:14+00:00\",\"description\":\"sanare Physiotherapie bietet gezielte Entspannungstherapien an, um Stress abzubauen und das allgemeine Wohlbefinden zu steigern.\",\"breadcrumb\":{\"@id\":\"https:\/\/theorg-homepageservice-kunden.de\/musterseite-2\/entspannungstherapie\/#breadcrumb\"},\"inLanguage\":\"de\",\"potentialAction\":[{\"@type\":\"ReadAction\",\"target\":[\"https:\/\/theorg-homepageservice-kunden.de\/musterseite-2\/entspannungstherapie\/\"]}]},{\"@type\":\"ImageObject\",\"inLanguage\":\"de\",\"@id\":\"https:\/\/theorg-homepageservice-kunden.de\/musterseite-2\/entspannungstherapie\/#primaryimage\",\"url\":\"https:\/\/theorg-homepageservice-kunden.de\/musterseite-2\/wp-content\/uploads\/sites\/3\/2025\/05\/physio_entspannungstherapie.webp\",\"contentUrl\":\"https:\/\/theorg-homepageservice-kunden.de\/musterseite-2\/wp-content\/uploads\/sites\/3\/2025\/05\/physio_entspannungstherapie.webp\",\"width\":1500,\"height\":857,\"caption\":\"Eine Frau liegt auf dem Bauch auf einer Liege und l\u00e4chelt in die Kamera.\"},{\"@type\":\"BreadcrumbList\",\"@id\":\"https:\/\/theorg-homepageservice-kunden.de\/musterseite-2\/entspannungstherapie\/#breadcrumb\",\"itemListElement\":[{\"@type\":\"ListItem\",\"position\":1,\"name\":\"Startseite\",\"item\":\"https:\/\/theorg-homepageservice-kunden.de\/musterseite-2\/\"},{\"@type\":\"ListItem\",\"position\":2,\"name\":\"Entspannungstherapie\"}]},{\"@type\":\"WebSite\",\"@id\":\"https:\/\/theorg-homepageservice-kunden.de\/musterseite-2\/#website\",\"url\":\"https:\/\/theorg-homepageservice-kunden.de\/musterseite-2\/\",\"name\":\"Musterseite 2\",\"description\":\"sanare Physiotherapie Musterseite 2\",\"publisher\":{\"@id\":\"https:\/\/theorg-homepageservice-kunden.de\/musterseite-2\/#organization\"},\"potentialAction\":[{\"@type\":\"SearchAction\",\"target\":{\"@type\":\"EntryPoint\",\"urlTemplate\":\"https:\/\/theorg-homepageservice-kunden.de\/musterseite-2\/?s={search_term_string}\"},\"query-input\":{\"@type\":\"PropertyValueSpecification\",\"valueRequired\":true,\"valueName\":\"search_term_string\"}}],\"inLanguage\":\"de\"},{\"@type\":\"Organization\",\"@id\":\"https:\/\/theorg-homepageservice-kunden.de\/musterseite-2\/#organization\",\"name\":\"Musterseite 2\",\"url\":\"https:\/\/theorg-homepageservice-kunden.de\/musterseite-2\/\",\"logo\":{\"@type\":\"ImageObject\",\"inLanguage\":\"de\",\"@id\":\"https:\/\/theorg-homepageservice-kunden.de\/musterseite-2\/#\/schema\/logo\/image\/\",\"url\":\"https:\/\/theorg-homepageservice-kunden.de\/musterseite-2\/wp-content\/uploads\/sites\/3\/2025\/07\/sanare_logo_lila.webp\",\"contentUrl\":\"https:\/\/theorg-homepageservice-kunden.de\/musterseite-2\/wp-content\/uploads\/sites\/3\/2025\/07\/sanare_logo_lila.webp\",\"width\":512,\"height\":129,\"caption\":\"Musterseite 2\"},\"image\":{\"@id\":\"https:\/\/theorg-homepageservice-kunden.de\/musterseite-2\/#\/schema\/logo\/image\/\"}}]}<\/script>\n<!-- \/ Yoast SEO plugin. -->","yoast_head_json":{"title":"Entspannungstherapie - Musterseite 2","description":"sanare Physiotherapie bietet gezielte Entspannungstherapien an, um Stress abzubauen und das allgemeine Wohlbefinden zu steigern.","robots":{"index":"noindex","follow":"follow","max-snippet":"max-snippet:-1","max-image-preview":"max-image-preview:large","max-video-preview":"max-video-preview:-1"},"og_locale":"de_DE","og_type":"article","og_title":"Entspannungstherapie - Musterseite 2","og_description":"sanare Physiotherapie bietet gezielte Entspannungstherapien an, um Stress abzubauen und das allgemeine Wohlbefinden zu steigern.","og_url":"https:\/\/theorg-homepageservice-kunden.de\/musterseite-2\/entspannungstherapie\/","og_site_name":"Musterseite 2","article_modified_time":"2025-08-25T12:46:14+00:00","og_image":[{"width":1500,"height":857,"url":"https:\/\/theorg-homepageservice-kunden.de\/musterseite-2\/wp-content\/uploads\/sites\/3\/2025\/05\/physio_entspannungstherapie.webp","type":"image\/webp"}],"twitter_card":"summary_large_image","twitter_misc":{"Gesch\u00e4tzte Lesezeit":"1\u00a0Minute"},"schema":{"@context":"https:\/\/schema.org","@graph":[{"@type":"WebPage","@id":"https:\/\/theorg-homepageservice-kunden.de\/musterseite-2\/entspannungstherapie\/","url":"https:\/\/theorg-homepageservice-kunden.de\/musterseite-2\/entspannungstherapie\/","name":"Entspannungstherapie - Musterseite 2","isPartOf":{"@id":"https:\/\/theorg-homepageservice-kunden.de\/musterseite-2\/#website"},"primaryImageOfPage":{"@id":"https:\/\/theorg-homepageservice-kunden.de\/musterseite-2\/entspannungstherapie\/#primaryimage"},"image":{"@id":"https:\/\/theorg-homepageservice-kunden.de\/musterseite-2\/entspannungstherapie\/#primaryimage"},"thumbnailUrl":"https:\/\/theorg-homepageservice-kunden.de\/musterseite-2\/wp-content\/uploads\/sites\/3\/2025\/05\/physio_entspannungstherapie.webp","datePublished":"2025-07-19T14:40:01+00:00","dateModified":"2025-08-25T12:46:14+00:00","description":"sanare Physiotherapie bietet gezielte Entspannungstherapien an, um Stress abzubauen und das allgemeine Wohlbefinden zu steigern.","breadcrumb":{"@id":"https:\/\/theorg-homepageservice-kunden.de\/musterseite-2\/entspannungstherapie\/#breadcrumb"},"inLanguage":"de","potentialAction":[{"@type":"ReadAction","target":["https:\/\/theorg-homepageservice-kunden.de\/musterseite-2\/entspannungstherapie\/"]}]},{"@type":"ImageObject","inLanguage":"de","@id":"https:\/\/theorg-homepageservice-kunden.de\/musterseite-2\/entspannungstherapie\/#primaryimage","url":"https:\/\/theorg-homepageservice-kunden.de\/musterseite-2\/wp-content\/uploads\/sites\/3\/2025\/05\/physio_entspannungstherapie.webp","contentUrl":"https:\/\/theorg-homepageservice-kunden.de\/musterseite-2\/wp-content\/uploads\/sites\/3\/2025\/05\/physio_entspannungstherapie.webp","width":1500,"height":857,"caption":"Eine Frau liegt auf dem Bauch auf einer Liege und l\u00e4chelt in die Kamera."},{"@type":"BreadcrumbList","@id":"https:\/\/theorg-homepageservice-kunden.de\/musterseite-2\/entspannungstherapie\/#breadcrumb","itemListElement":[{"@type":"ListItem","position":1,"name":"Startseite","item":"https:\/\/theorg-homepageservice-kunden.de\/musterseite-2\/"},{"@type":"ListItem","position":2,"name":"Entspannungstherapie"}]},{"@type":"WebSite","@id":"https:\/\/theorg-homepageservice-kunden.de\/musterseite-2\/#website","url":"https:\/\/theorg-homepageservice-kunden.de\/musterseite-2\/","name":"Musterseite 2","description":"sanare Physiotherapie Musterseite 2","publisher":{"@id":"https:\/\/theorg-homepageservice-kunden.de\/musterseite-2\/#organization"},"potentialAction":[{"@type":"SearchAction","target":{"@type":"EntryPoint","urlTemplate":"https:\/\/theorg-homepageservice-kunden.de\/musterseite-2\/?s={search_term_string}"},"query-input":{"@type":"PropertyValueSpecification","valueRequired":true,"valueName":"search_term_string"}}],"inLanguage":"de"},{"@type":"Organization","@id":"https:\/\/theorg-homepageservice-kunden.de\/musterseite-2\/#organization","name":"Musterseite 2","url":"https:\/\/theorg-homepageservice-kunden.de\/musterseite-2\/","logo":{"@type":"ImageObject","inLanguage":"de","@id":"https:\/\/theorg-homepageservice-kunden.de\/musterseite-2\/#\/schema\/logo\/image\/","url":"https:\/\/theorg-homepageservice-kunden.de\/musterseite-2\/wp-content\/uploads\/sites\/3\/2025\/07\/sanare_logo_lila.webp","contentUrl":"https:\/\/theorg-homepageservice-kunden.de\/musterseite-2\/wp-content\/uploads\/sites\/3\/2025\/07\/sanare_logo_lila.webp","width":512,"height":129,"caption":"Musterseite 2"},"image":{"@id":"https:\/\/theorg-homepageservice-kunden.de\/musterseite-2\/#\/schema\/logo\/image\/"}}]}},"uagb_featured_image_src":{"full":["https:\/\/theorg-homepageservice-kunden.de\/musterseite-2\/wp-content\/uploads\/sites\/3\/2025\/05\/physio_entspannungstherapie.webp",1500,857,false],"thumbnail":["https:\/\/theorg-homepageservice-kunden.de\/musterseite-2\/wp-content\/uploads\/sites\/3\/2025\/05\/physio_entspannungstherapie-150x150.webp",150,150,true],"medium":["https:\/\/theorg-homepageservice-kunden.de\/musterseite-2\/wp-content\/uploads\/sites\/3\/2025\/05\/physio_entspannungstherapie-300x171.webp",300,171,true],"medium_large":["https:\/\/theorg-homepageservice-kunden.de\/musterseite-2\/wp-content\/uploads\/sites\/3\/2025\/05\/physio_entspannungstherapie-768x439.webp",768,439,true],"large":["https:\/\/theorg-homepageservice-kunden.de\/musterseite-2\/wp-content\/uploads\/sites\/3\/2025\/05\/physio_entspannungstherapie-1024x585.webp",1024,585,true],"1536x1536":["https:\/\/theorg-homepageservice-kunden.de\/musterseite-2\/wp-content\/uploads\/sites\/3\/2025\/05\/physio_entspannungstherapie.webp",1500,857,false],"2048x2048":["https:\/\/theorg-homepageservice-kunden.de\/musterseite-2\/wp-content\/uploads\/sites\/3\/2025\/05\/physio_entspannungstherapie.webp",1500,857,false]},"uagb_author_info":{"display_name":"admin_pkr","author_link":"https:\/\/theorg-homepageservice-kunden.de\/musterseite-2\/author\/admin_pkr\/"},"uagb_comment_info":0,"uagb_excerpt":"In unserer Praxis bieten wir gezielte Entspannungstherapien an, die darauf abzielen, Stress abzubauen und das allgemeine Wohlbefinden zu steigern. Ob progressive Muskelentspannung, Atem\u00fcbungen oder spezielle Massagetechniken \u2013 wir passen die Methoden individuell an Ihre Bed\u00fcrfnisse an. Diese Therapien helfen nicht nur bei der Regeneration nach Verletzungen oder Verspannungen, sondern f\u00f6rdern auch die innere Balance und&hellip;","_links":{"self":[{"href":"https:\/\/theorg-homepageservice-kunden.de\/musterseite-2\/wp-json\/wp\/v2\/pages\/551","targetHints":{"allow":["GET"]}}],"collection":[{"href":"https:\/\/theorg-homepageservice-kunden.de\/musterseite-2\/wp-json\/wp\/v2\/pages"}],"about":[{"href":"https:\/\/theorg-homepageservice-kunden.de\/musterseite-2\/wp-json\/wp\/v2\/types\/page"}],"author":[{"embeddable":true,"href":"https:\/\/theorg-homepageservice-kunden.de\/musterseite-2\/wp-json\/wp\/v2\/users\/2"}],"replies":[{"embeddable":true,"href":"https:\/\/theorg-homepageservice-kunden.de\/musterseite-2\/wp-json\/wp\/v2\/comments?post=551"}],"version-history":[{"count":8,"href":"https:\/\/theorg-homepageservice-kunden.de\/musterseite-2\/wp-json\/wp\/v2\/pages\/551\/revisions"}],"predecessor-version":[{"id":660,"href":"https:\/\/theorg-homepageservice-kunden.de\/musterseite-2\/wp-json\/wp\/v2\/pages\/551\/revisions\/660"}],"wp:featuredmedia":[{"embeddable":true,"href":"https:\/\/theorg-homepageservice-kunden.de\/musterseite-2\/wp-json\/wp\/v2\/media\/31"}],"wp:attachment":[{"href":"https:\/\/theorg-homepageservice-kunden.de\/musterseite-2\/wp-json\/wp\/v2\/media?parent=551"}],"curies":[{"name":"wp","href":"https:\/\/api.w.org\/{rel}","templated":true}]}}