{"id":387,"date":"2025-06-16T12:19:47","date_gmt":"2025-06-16T12:19:47","guid":{"rendered":"http:\/\/neu.karin-horn.de\/?page_id=387"},"modified":"2025-08-25T11:59:54","modified_gmt":"2025-08-25T11:59:54","slug":"impressum","status":"publish","type":"page","link":"https:\/\/theorg-homepageservice-kunden.de\/musterseite-3\/impressum\/","title":{"rendered":"Impressum"},"content":{"rendered":"\n<div class=\"wp-block-group alignfull has-global-padding is-layout-constrained wp-block-group-is-layout-constrained\">\n<div class=\"wp-block-group alignwide is-layout-flow wp-block-group-is-layout-flow\">\n<p><strong>sanare Physiotherapie<\/strong><\/p>\n\n\n\n<p>Musterstra\u00dfe 10<br>77777 Musterstadt<br><br>Telefon: 011111 \/ 123155<br>Fax: 123458 \/ 486541<\/p>\n\n\n\n<div style=\"height:60px\" aria-hidden=\"true\" class=\"wp-block-spacer\"><\/div>\n\n\n\n<h2 class=\"wp-block-heading\">Rechtliche Hinweise<\/h2>\n\n\n\n<p>Wir bem\u00fchen uns, dieses Informationsangebot aktuell und inhaltlich richtig sowie vollst\u00e4ndig anzubieten. Dennoch ist das Auftreten von Fehlern nicht v\u00f6llig auszuschlie\u00dfen. Eine Garantie f\u00fcr die Vollst\u00e4ndigkeit, Richtigkeit und letzte Aktualit\u00e4t kann daher nicht \u00fcbernommen werden. Wir \u00fcbernehmen keine Gew\u00e4hr und haften nicht f\u00fcr etwaige Sch\u00e4den materieller oder ideeller Art, die durch Nutzung des Dienstes verursacht werden, soweit sie nicht nachweislich durch Vorsatz oder grobe Fahrl\u00e4ssigkeit verschuldet sind.<\/p>\n\n\n\n<p>Von unseren eigenen Inhalten sind Querverweise (&#8222;Links&#8220;) auf die Webseiten anderer Anbieter zu unterscheiden. Durch die Links erm\u00f6glichen wir lediglich den Zugang zur Nutzung fremder Inhalte nach \u00a7 8 Telemediengesetz. Der Betreiber \u00fcbernimmt keine Verantwortung f\u00fcr die Inhalte und die Verf\u00fcgbarkeit von Webseiten Dritter, die \u00fcber externe Links dieses Informationsangebotes erreicht werden. Der Herausgeber distanziert sich ausdr\u00fccklich von allen Inhalten, die m\u00f6glicherweise straf- oder haftungsrechtlich relevant sind oder gegen die guten Sitten versto\u00dfen.<\/p>\n\n\n\n<p>Die Landesregierung nimmt den Schutz Ihrer personenbezogenen Daten sehr ernst. Alle Informationen finden Sie auf der Datenschutz-Seite.<\/p>\n\n\n\n<p>Das Layout der Homepage, die verwendeten Grafiken und Bilder sind, soweit nicht anders angegeben, urheberrechtlich gesch\u00fctzt. Die Seiten d\u00fcrfen ausschlie\u00dflich zum privaten Gebrauch vervielf\u00e4ltigt, \u00c4nderungen nicht vorgenommen und Vervielf\u00e4ltigungsst\u00fccke ohne Genehmigung nicht verbreitet werden.<\/p>\n\n\n\n<div style=\"height:80px\" aria-hidden=\"true\" class=\"wp-block-spacer\"><\/div>\n<\/div>\n<\/div>\n","protected":false},"excerpt":{"rendered":"<p>sanare Physiotherapie Musterstra\u00dfe 1077777 Musterstadt Telefon: 011111 \/ 123155Fax: 123458 \/ 486541 Rechtliche Hinweise Wir bem\u00fchen uns, dieses Informationsangebot aktuell und inhaltlich richtig sowie vollst\u00e4ndig anzubieten. Dennoch ist das Auftreten von Fehlern nicht v\u00f6llig auszuschlie\u00dfen. Eine Garantie f\u00fcr die Vollst\u00e4ndigkeit, Richtigkeit und letzte Aktualit\u00e4t kann daher nicht \u00fcbernommen werden. Wir \u00fcbernehmen keine Gew\u00e4hr und haften [&hellip;]<\/p>\n","protected":false},"author":2,"featured_media":0,"parent":0,"menu_order":0,"comment_status":"closed","ping_status":"closed","template":"","meta":{"_uag_custom_page_level_css":"","_swt_meta_header_display":false,"_swt_meta_footer_display":false,"_swt_meta_site_title_display":false,"_swt_meta_sticky_header":false,"_swt_meta_transparent_header":false,"footnotes":""},"class_list":["post-387","page","type-page","status-publish","hentry"],"yoast_head":"<!-- This site is optimized with the Yoast SEO plugin v27.1.1 - https:\/\/yoast.com\/product\/yoast-seo-wordpress\/ -->\n<title>Impressum - Musterseite 3<\/title>\n<meta name=\"description\" content=\"sanare Physiotherapie \u2013 Musterstra\u00dfe 10, 1077777 Musterstadt \u2013 011111 \/ 123155 \u2013 info@sanare.de\" \/>\n<meta name=\"robots\" content=\"noindex, follow, max-snippet:-1, max-image-preview:large, max-video-preview:-1\" \/>\n<meta property=\"og:locale\" content=\"de_DE\" \/>\n<meta property=\"og:type\" content=\"article\" \/>\n<meta property=\"og:title\" content=\"Impressum - Musterseite 3\" \/>\n<meta property=\"og:description\" content=\"sanare Physiotherapie \u2013 Musterstra\u00dfe 10, 1077777 Musterstadt \u2013 011111 \/ 123155 \u2013 info@sanare.de\" \/>\n<meta property=\"og:url\" content=\"https:\/\/theorg-homepageservice-kunden.de\/musterseite-3\/impressum\/\" \/>\n<meta property=\"og:site_name\" content=\"Musterseite 3\" \/>\n<meta property=\"article:modified_time\" content=\"2025-08-25T11:59:54+00:00\" \/>\n<meta name=\"twitter:card\" content=\"summary_large_image\" \/>\n<meta name=\"twitter:label1\" content=\"Gesch\u00e4tzte Lesezeit\" \/>\n\t<meta name=\"twitter:data1\" content=\"2\u00a0Minuten\" \/>\n<script type=\"application\/ld+json\" class=\"yoast-schema-graph\">{\"@context\":\"https:\/\/schema.org\",\"@graph\":[{\"@type\":\"WebPage\",\"@id\":\"https:\/\/theorg-homepageservice-kunden.de\/musterseite-3\/impressum\/\",\"url\":\"https:\/\/theorg-homepageservice-kunden.de\/musterseite-3\/impressum\/\",\"name\":\"Impressum - Musterseite 3\",\"isPartOf\":{\"@id\":\"https:\/\/theorg-homepageservice-kunden.de\/musterseite-3\/#website\"},\"datePublished\":\"2025-06-16T12:19:47+00:00\",\"dateModified\":\"2025-08-25T11:59:54+00:00\",\"description\":\"sanare Physiotherapie \u2013 Musterstra\u00dfe 10, 1077777 Musterstadt \u2013 011111 \/ 123155 \u2013 info@sanare.de\",\"breadcrumb\":{\"@id\":\"https:\/\/theorg-homepageservice-kunden.de\/musterseite-3\/impressum\/#breadcrumb\"},\"inLanguage\":\"de\",\"potentialAction\":[{\"@type\":\"ReadAction\",\"target\":[\"https:\/\/theorg-homepageservice-kunden.de\/musterseite-3\/impressum\/\"]}]},{\"@type\":\"BreadcrumbList\",\"@id\":\"https:\/\/theorg-homepageservice-kunden.de\/musterseite-3\/impressum\/#breadcrumb\",\"itemListElement\":[{\"@type\":\"ListItem\",\"position\":1,\"name\":\"Startseite\",\"item\":\"https:\/\/theorg-homepageservice-kunden.de\/musterseite-3\/\"},{\"@type\":\"ListItem\",\"position\":2,\"name\":\"Impressum\"}]},{\"@type\":\"WebSite\",\"@id\":\"https:\/\/theorg-homepageservice-kunden.de\/musterseite-3\/#website\",\"url\":\"https:\/\/theorg-homepageservice-kunden.de\/musterseite-3\/\",\"name\":\"Musterseite 3\",\"description\":\"sanare Physiotherapie Musterseite 3\",\"publisher\":{\"@id\":\"https:\/\/theorg-homepageservice-kunden.de\/musterseite-3\/#organization\"},\"potentialAction\":[{\"@type\":\"SearchAction\",\"target\":{\"@type\":\"EntryPoint\",\"urlTemplate\":\"https:\/\/theorg-homepageservice-kunden.de\/musterseite-3\/?s={search_term_string}\"},\"query-input\":{\"@type\":\"PropertyValueSpecification\",\"valueRequired\":true,\"valueName\":\"search_term_string\"}}],\"inLanguage\":\"de\"},{\"@type\":\"Organization\",\"@id\":\"https:\/\/theorg-homepageservice-kunden.de\/musterseite-3\/#organization\",\"name\":\"Musterseite 3\",\"url\":\"https:\/\/theorg-homepageservice-kunden.de\/musterseite-3\/\",\"logo\":{\"@type\":\"ImageObject\",\"inLanguage\":\"de\",\"@id\":\"https:\/\/theorg-homepageservice-kunden.de\/musterseite-3\/#\/schema\/logo\/image\/\",\"url\":\"https:\/\/theorg-homepageservice-kunden.de\/musterseite-3\/wp-content\/uploads\/sites\/4\/2025\/07\/sanare_logo_blau.png\",\"contentUrl\":\"https:\/\/theorg-homepageservice-kunden.de\/musterseite-3\/wp-content\/uploads\/sites\/4\/2025\/07\/sanare_logo_blau.png\",\"width\":512,\"height\":129,\"caption\":\"Musterseite 3\"},\"image\":{\"@id\":\"https:\/\/theorg-homepageservice-kunden.de\/musterseite-3\/#\/schema\/logo\/image\/\"}}]}<\/script>\n<!-- \/ Yoast SEO plugin. -->","yoast_head_json":{"title":"Impressum - Musterseite 3","description":"sanare Physiotherapie \u2013 Musterstra\u00dfe 10, 1077777 Musterstadt \u2013 011111 \/ 123155 \u2013 info@sanare.de","robots":{"index":"noindex","follow":"follow","max-snippet":"max-snippet:-1","max-image-preview":"max-image-preview:large","max-video-preview":"max-video-preview:-1"},"og_locale":"de_DE","og_type":"article","og_title":"Impressum - Musterseite 3","og_description":"sanare Physiotherapie \u2013 Musterstra\u00dfe 10, 1077777 Musterstadt \u2013 011111 \/ 123155 \u2013 info@sanare.de","og_url":"https:\/\/theorg-homepageservice-kunden.de\/musterseite-3\/impressum\/","og_site_name":"Musterseite 3","article_modified_time":"2025-08-25T11:59:54+00:00","twitter_card":"summary_large_image","twitter_misc":{"Gesch\u00e4tzte Lesezeit":"2\u00a0Minuten"},"schema":{"@context":"https:\/\/schema.org","@graph":[{"@type":"WebPage","@id":"https:\/\/theorg-homepageservice-kunden.de\/musterseite-3\/impressum\/","url":"https:\/\/theorg-homepageservice-kunden.de\/musterseite-3\/impressum\/","name":"Impressum - Musterseite 3","isPartOf":{"@id":"https:\/\/theorg-homepageservice-kunden.de\/musterseite-3\/#website"},"datePublished":"2025-06-16T12:19:47+00:00","dateModified":"2025-08-25T11:59:54+00:00","description":"sanare Physiotherapie \u2013 Musterstra\u00dfe 10, 1077777 Musterstadt \u2013 011111 \/ 123155 \u2013 info@sanare.de","breadcrumb":{"@id":"https:\/\/theorg-homepageservice-kunden.de\/musterseite-3\/impressum\/#breadcrumb"},"inLanguage":"de","potentialAction":[{"@type":"ReadAction","target":["https:\/\/theorg-homepageservice-kunden.de\/musterseite-3\/impressum\/"]}]},{"@type":"BreadcrumbList","@id":"https:\/\/theorg-homepageservice-kunden.de\/musterseite-3\/impressum\/#breadcrumb","itemListElement":[{"@type":"ListItem","position":1,"name":"Startseite","item":"https:\/\/theorg-homepageservice-kunden.de\/musterseite-3\/"},{"@type":"ListItem","position":2,"name":"Impressum"}]},{"@type":"WebSite","@id":"https:\/\/theorg-homepageservice-kunden.de\/musterseite-3\/#website","url":"https:\/\/theorg-homepageservice-kunden.de\/musterseite-3\/","name":"Musterseite 3","description":"sanare Physiotherapie Musterseite 3","publisher":{"@id":"https:\/\/theorg-homepageservice-kunden.de\/musterseite-3\/#organization"},"potentialAction":[{"@type":"SearchAction","target":{"@type":"EntryPoint","urlTemplate":"https:\/\/theorg-homepageservice-kunden.de\/musterseite-3\/?s={search_term_string}"},"query-input":{"@type":"PropertyValueSpecification","valueRequired":true,"valueName":"search_term_string"}}],"inLanguage":"de"},{"@type":"Organization","@id":"https:\/\/theorg-homepageservice-kunden.de\/musterseite-3\/#organization","name":"Musterseite 3","url":"https:\/\/theorg-homepageservice-kunden.de\/musterseite-3\/","logo":{"@type":"ImageObject","inLanguage":"de","@id":"https:\/\/theorg-homepageservice-kunden.de\/musterseite-3\/#\/schema\/logo\/image\/","url":"https:\/\/theorg-homepageservice-kunden.de\/musterseite-3\/wp-content\/uploads\/sites\/4\/2025\/07\/sanare_logo_blau.png","contentUrl":"https:\/\/theorg-homepageservice-kunden.de\/musterseite-3\/wp-content\/uploads\/sites\/4\/2025\/07\/sanare_logo_blau.png","width":512,"height":129,"caption":"Musterseite 3"},"image":{"@id":"https:\/\/theorg-homepageservice-kunden.de\/musterseite-3\/#\/schema\/logo\/image\/"}}]}},"uagb_featured_image_src":{"full":false,"thumbnail":false,"medium":false,"medium_large":false,"large":false,"1536x1536":false,"2048x2048":false},"uagb_author_info":{"display_name":"admin_pkr","author_link":"https:\/\/theorg-homepageservice-kunden.de\/musterseite-3\/author\/admin_pkr\/"},"uagb_comment_info":0,"uagb_excerpt":"sanare Physiotherapie Musterstra\u00dfe 1077777 Musterstadt Telefon: 011111 \/ 123155Fax: 123458 \/ 486541 Rechtliche Hinweise Wir bem\u00fchen uns, dieses Informationsangebot aktuell und inhaltlich richtig sowie vollst\u00e4ndig anzubieten. Dennoch ist das Auftreten von Fehlern nicht v\u00f6llig auszuschlie\u00dfen. Eine Garantie f\u00fcr die Vollst\u00e4ndigkeit, Richtigkeit und letzte Aktualit\u00e4t kann daher nicht \u00fcbernommen werden. Wir \u00fcbernehmen keine Gew\u00e4hr und haften&hellip;","_links":{"self":[{"href":"https:\/\/theorg-homepageservice-kunden.de\/musterseite-3\/wp-json\/wp\/v2\/pages\/387","targetHints":{"allow":["GET"]}}],"collection":[{"href":"https:\/\/theorg-homepageservice-kunden.de\/musterseite-3\/wp-json\/wp\/v2\/pages"}],"about":[{"href":"https:\/\/theorg-homepageservice-kunden.de\/musterseite-3\/wp-json\/wp\/v2\/types\/page"}],"author":[{"embeddable":true,"href":"https:\/\/theorg-homepageservice-kunden.de\/musterseite-3\/wp-json\/wp\/v2\/users\/2"}],"replies":[{"embeddable":true,"href":"https:\/\/theorg-homepageservice-kunden.de\/musterseite-3\/wp-json\/wp\/v2\/comments?post=387"}],"version-history":[{"count":8,"href":"https:\/\/theorg-homepageservice-kunden.de\/musterseite-3\/wp-json\/wp\/v2\/pages\/387\/revisions"}],"predecessor-version":[{"id":807,"href":"https:\/\/theorg-homepageservice-kunden.de\/musterseite-3\/wp-json\/wp\/v2\/pages\/387\/revisions\/807"}],"wp:attachment":[{"href":"https:\/\/theorg-homepageservice-kunden.de\/musterseite-3\/wp-json\/wp\/v2\/media?parent=387"}],"curies":[{"name":"wp","href":"https:\/\/api.w.org\/{rel}","templated":true}]}}