{"id":226,"date":"2025-07-08T14:29:29","date_gmt":"2025-07-08T12:29:29","guid":{"rendered":"https:\/\/theorg-homepageservice-kunden.de\/musterseite-4\/?page_id=226"},"modified":"2025-08-12T11:51:55","modified_gmt":"2025-08-12T09:51:55","slug":"pilates","status":"publish","type":"page","link":"https:\/\/theorg-homepageservice-kunden.de\/musterseite-4\/pilates\/","title":{"rendered":"Pilates"},"content":{"rendered":"\n<div class=\"wp-block-group alignfull has-quaternary-background-color has-background has-global-padding is-layout-constrained wp-container-core-group-is-layout-3a8be60b wp-block-group-is-layout-constrained\" style=\"margin-top:0;margin-bottom:0;padding-bottom:var(--wp--preset--spacing--x-large)\">\n<div class=\"wp-block-columns alignwide is-layout-flex wp-container-core-columns-is-layout-494b7923 wp-block-columns-is-layout-flex\">\n<div class=\"wp-block-column is-layout-flow wp-block-column-is-layout-flow\" style=\"padding-top:var(--wp--preset--spacing--medium);padding-bottom:var(--wp--preset--spacing--medium);flex-basis:30%\">\n<div class=\"wp-block-group alignwide has-global-padding is-layout-constrained wp-block-group-is-layout-constrained\">\n<figure class=\"wp-block-image size-large has-custom-border\"><img loading=\"lazy\" decoding=\"async\" width=\"1000\" height=\"1000\" src=\"https:\/\/theorg-homepageservice-kunden.de\/musterseite-4\/wp-content\/uploads\/sites\/5\/2025\/07\/pilates_2-edited.webp\" alt=\"\" class=\"wp-image-228\" style=\"border-radius:32px\" srcset=\"https:\/\/theorg-homepageservice-kunden.de\/musterseite-4\/wp-content\/uploads\/sites\/5\/2025\/07\/pilates_2-edited.webp 1000w, https:\/\/theorg-homepageservice-kunden.de\/musterseite-4\/wp-content\/uploads\/sites\/5\/2025\/07\/pilates_2-edited-300x300.webp 300w, https:\/\/theorg-homepageservice-kunden.de\/musterseite-4\/wp-content\/uploads\/sites\/5\/2025\/07\/pilates_2-edited-150x150.webp 150w, https:\/\/theorg-homepageservice-kunden.de\/musterseite-4\/wp-content\/uploads\/sites\/5\/2025\/07\/pilates_2-edited-768x768.webp 768w\" sizes=\"auto, (max-width: 1000px) 100vw, 1000px\" \/><\/figure>\n<\/div>\n<\/div>\n\n\n\n<div class=\"wp-block-column is-vertically-aligned-center is-layout-flow wp-block-column-is-layout-flow\" style=\"flex-basis:70%\">\n<p>Unser Pilates-Angebot verbindet effektives Ganzk\u00f6rpertraining mit physiotherapeutischer Expertise. Mit gezielten \u00dcbungen f\u00f6rdern wir die Stabilisierung der K\u00f6rpermitte, verbessern Ihre Haltung und st\u00e4rken die Tiefenmuskulatur. Pilates eignet sich ideal zur Rehabilitation, zur Vorbeugung von Beschwerden und zur Verbesserung der Beweglichkeit.<\/p>\n\n\n\n<p>Ob als Einzeltraining oder in kleinen Gruppen \u2013 unsere qualifizierten Trainerinnen und Trainer begleiten Sie individuell und achtsam, sodass die \u00dcbungen optimal auf Ihre Bed\u00fcrfnisse abgestimmt sind. Entdecken Sie Pilates als sanften, aber wirkungsvollen Weg zu einem gesunden und starken K\u00f6rper.<\/p>\n<\/div>\n<\/div>\n<\/div>\n\n\n\n<div class=\"wp-block-cover alignfull\" style=\"margin-top:0;margin-bottom:0;padding-top:170px;padding-bottom:170px\"><img loading=\"lazy\" decoding=\"async\" width=\"1024\" height=\"576\" class=\"wp-block-cover__image-background wp-image-286 size-large\" alt=\"\" src=\"https:\/\/theorg-homepageservice-kunden.de\/musterseite-4\/wp-content\/uploads\/sites\/5\/2025\/07\/pilates_2-edited-1-1024x576.webp\" style=\"object-position:50% 78%\" data-object-fit=\"cover\" data-object-position=\"50% 78%\" srcset=\"https:\/\/theorg-homepageservice-kunden.de\/musterseite-4\/wp-content\/uploads\/sites\/5\/2025\/07\/pilates_2-edited-1-1024x576.webp 1024w, https:\/\/theorg-homepageservice-kunden.de\/musterseite-4\/wp-content\/uploads\/sites\/5\/2025\/07\/pilates_2-edited-1-300x169.webp 300w, https:\/\/theorg-homepageservice-kunden.de\/musterseite-4\/wp-content\/uploads\/sites\/5\/2025\/07\/pilates_2-edited-1-768x432.webp 768w, https:\/\/theorg-homepageservice-kunden.de\/musterseite-4\/wp-content\/uploads\/sites\/5\/2025\/07\/pilates_2-edited-1.webp 1500w\" sizes=\"auto, (max-width: 1024px) 100vw, 1024px\" \/><span aria-hidden=\"true\" class=\"wp-block-cover__background has-background-dim-80 has-background-dim\" style=\"background-color:#113a68\"><\/span><div class=\"wp-block-cover__inner-container is-layout-flow wp-block-cover-is-layout-flow\">\n<div class=\"wp-block-group alignfull animated fadeInUp faster has-global-padding is-layout-constrained wp-block-group-is-layout-constrained\">\n<h1 class=\"wp-block-heading has-text-align-center has-white-color has-text-color has-xxx-large-font-size\" style=\"letter-spacing:-1px\">Bewegung. Gesundheit. Lebensfreude.<\/h1>\n\n\n\n<p class=\"has-text-align-center has-white-color has-text-color\">Wir begleiten Sie auf Ihrem Weg zu Gesundheit und Lebensqualit\u00e4t \u2013 mit individuellen Therapien und pers\u00f6nlicher Betreuung.<\/p>\n\n\n\n<div class=\"wp-block-uagb-buttons uagb-buttons__outer-wrap uagb-btn__default-btn uagb-btn-tablet__default-btn uagb-btn-mobile__default-btn uagb-block-dbafcbb6\"><div class=\"uagb-buttons__wrap uagb-buttons-layout-wrap \">\n<div class=\"wp-block-uagb-buttons-child uagb-buttons__outer-wrap uagb-block-5b63723f wp-block-button\"><div class=\"uagb-button__wrapper\"><a class=\"uagb-buttons-repeater wp-block-button__link\" aria-label=\"\" href=\"https:\/\/theorg-homepageservice-kunden.de\/musterseite-4\/kontakt\/\" rel=\"follow noopener\" target=\"_self\" role=\"button\"><div class=\"uagb-button__link\">Jetzt Termin vereinbaren<\/div><\/a><\/div><\/div>\n<\/div><\/div>\n<\/div>\n<\/div><\/div>\n","protected":false},"excerpt":{"rendered":"<p>Unser Pilates-Angebot verbindet effektives Ganzk\u00f6rpertraining mit physiotherapeutischer Expertise. Mit gezielten \u00dcbungen f\u00f6rdern wir die Stabilisierung der K\u00f6rpermitte, verbessern Ihre Haltung und st\u00e4rken die Tiefenmuskulatur. Pilates eignet sich ideal zur Rehabilitation, zur Vorbeugung von Beschwerden und zur Verbesserung der Beweglichkeit. Ob als Einzeltraining oder in kleinen Gruppen \u2013 unsere qualifizierten Trainerinnen und Trainer begleiten Sie individuell [&hellip;]<\/p>\n","protected":false},"author":1,"featured_media":0,"parent":0,"menu_order":0,"comment_status":"closed","ping_status":"closed","template":"","meta":{"_uag_custom_page_level_css":"","_swt_meta_header_display":false,"_swt_meta_footer_display":false,"_swt_meta_site_title_display":false,"_swt_meta_sticky_header":false,"_swt_meta_transparent_header":false,"footnotes":""},"class_list":["post-226","page","type-page","status-publish","hentry"],"yoast_head":"<!-- This site is optimized with the Yoast SEO plugin v27.1.1 - https:\/\/yoast.com\/product\/yoast-seo-wordpress\/ -->\n<title>Pilates - Musterseite 4<\/title>\n<meta name=\"robots\" content=\"noindex, follow, max-snippet:-1, max-image-preview:large, max-video-preview:-1\" \/>\n<meta property=\"og:locale\" content=\"de_DE\" \/>\n<meta property=\"og:type\" content=\"article\" \/>\n<meta property=\"og:title\" content=\"Pilates - Musterseite 4\" \/>\n<meta property=\"og:description\" content=\"Unser Pilates-Angebot verbindet effektives Ganzk\u00f6rpertraining mit physiotherapeutischer Expertise. Mit gezielten \u00dcbungen f\u00f6rdern wir die Stabilisierung der K\u00f6rpermitte, verbessern Ihre Haltung und st\u00e4rken die Tiefenmuskulatur. Pilates eignet sich ideal zur Rehabilitation, zur Vorbeugung von Beschwerden und zur Verbesserung der Beweglichkeit. Ob als Einzeltraining oder in kleinen Gruppen \u2013 unsere qualifizierten Trainerinnen und Trainer begleiten Sie individuell [&hellip;]\" \/>\n<meta property=\"og:url\" content=\"https:\/\/theorg-homepageservice-kunden.de\/musterseite-4\/pilates\/\" \/>\n<meta property=\"og:site_name\" content=\"Musterseite 4\" \/>\n<meta property=\"article:modified_time\" content=\"2025-08-12T09:51:55+00:00\" \/>\n<meta property=\"og:image\" content=\"https:\/\/theorg-homepageservice-kunden.de\/musterseite-4\/wp-content\/uploads\/sites\/5\/2025\/07\/pilates_2-edited.webp\" \/>\n\t<meta property=\"og:image:width\" content=\"1000\" \/>\n\t<meta property=\"og:image:height\" content=\"1000\" \/>\n\t<meta property=\"og:image:type\" content=\"image\/webp\" \/>\n<meta name=\"twitter:card\" content=\"summary_large_image\" \/>\n<meta name=\"twitter:label1\" content=\"Gesch\u00e4tzte Lesezeit\" \/>\n\t<meta name=\"twitter:data1\" content=\"1\u00a0Minute\" \/>\n<script type=\"application\/ld+json\" class=\"yoast-schema-graph\">{\"@context\":\"https:\/\/schema.org\",\"@graph\":[{\"@type\":\"WebPage\",\"@id\":\"https:\/\/theorg-homepageservice-kunden.de\/musterseite-4\/pilates\/\",\"url\":\"https:\/\/theorg-homepageservice-kunden.de\/musterseite-4\/pilates\/\",\"name\":\"Pilates - Musterseite 4\",\"isPartOf\":{\"@id\":\"https:\/\/theorg-homepageservice-kunden.de\/musterseite-4\/#website\"},\"primaryImageOfPage\":{\"@id\":\"https:\/\/theorg-homepageservice-kunden.de\/musterseite-4\/pilates\/#primaryimage\"},\"image\":{\"@id\":\"https:\/\/theorg-homepageservice-kunden.de\/musterseite-4\/pilates\/#primaryimage\"},\"thumbnailUrl\":\"https:\/\/theorg-homepageservice-kunden.de\/musterseite-4\/wp-content\/uploads\/sites\/5\/2025\/07\/pilates_2-edited.webp\",\"datePublished\":\"2025-07-08T12:29:29+00:00\",\"dateModified\":\"2025-08-12T09:51:55+00:00\",\"breadcrumb\":{\"@id\":\"https:\/\/theorg-homepageservice-kunden.de\/musterseite-4\/pilates\/#breadcrumb\"},\"inLanguage\":\"de\",\"potentialAction\":[{\"@type\":\"ReadAction\",\"target\":[\"https:\/\/theorg-homepageservice-kunden.de\/musterseite-4\/pilates\/\"]}]},{\"@type\":\"ImageObject\",\"inLanguage\":\"de\",\"@id\":\"https:\/\/theorg-homepageservice-kunden.de\/musterseite-4\/pilates\/#primaryimage\",\"url\":\"https:\/\/theorg-homepageservice-kunden.de\/musterseite-4\/wp-content\/uploads\/sites\/5\/2025\/07\/pilates_2-edited.webp\",\"contentUrl\":\"https:\/\/theorg-homepageservice-kunden.de\/musterseite-4\/wp-content\/uploads\/sites\/5\/2025\/07\/pilates_2-edited.webp\",\"width\":1000,\"height\":1000},{\"@type\":\"BreadcrumbList\",\"@id\":\"https:\/\/theorg-homepageservice-kunden.de\/musterseite-4\/pilates\/#breadcrumb\",\"itemListElement\":[{\"@type\":\"ListItem\",\"position\":1,\"name\":\"Startseite\",\"item\":\"https:\/\/theorg-homepageservice-kunden.de\/musterseite-4\/\"},{\"@type\":\"ListItem\",\"position\":2,\"name\":\"Pilates\"}]},{\"@type\":\"WebSite\",\"@id\":\"https:\/\/theorg-homepageservice-kunden.de\/musterseite-4\/#website\",\"url\":\"https:\/\/theorg-homepageservice-kunden.de\/musterseite-4\/\",\"name\":\"Musterseite 4\",\"description\":\"\",\"publisher\":{\"@id\":\"https:\/\/theorg-homepageservice-kunden.de\/musterseite-4\/#organization\"},\"potentialAction\":[{\"@type\":\"SearchAction\",\"target\":{\"@type\":\"EntryPoint\",\"urlTemplate\":\"https:\/\/theorg-homepageservice-kunden.de\/musterseite-4\/?s={search_term_string}\"},\"query-input\":{\"@type\":\"PropertyValueSpecification\",\"valueRequired\":true,\"valueName\":\"search_term_string\"}}],\"inLanguage\":\"de\"},{\"@type\":\"Organization\",\"@id\":\"https:\/\/theorg-homepageservice-kunden.de\/musterseite-4\/#organization\",\"name\":\"Musterseite 4\",\"url\":\"https:\/\/theorg-homepageservice-kunden.de\/musterseite-4\/\",\"logo\":{\"@type\":\"ImageObject\",\"inLanguage\":\"de\",\"@id\":\"https:\/\/theorg-homepageservice-kunden.de\/musterseite-4\/#\/schema\/logo\/image\/\",\"url\":\"https:\/\/theorg-homepageservice-kunden.de\/musterseite-4\/wp-content\/uploads\/sites\/5\/2025\/08\/sanare_logo_dunkelblau.webp\",\"contentUrl\":\"https:\/\/theorg-homepageservice-kunden.de\/musterseite-4\/wp-content\/uploads\/sites\/5\/2025\/08\/sanare_logo_dunkelblau.webp\",\"width\":512,\"height\":129,\"caption\":\"Musterseite 4\"},\"image\":{\"@id\":\"https:\/\/theorg-homepageservice-kunden.de\/musterseite-4\/#\/schema\/logo\/image\/\"}}]}<\/script>\n<!-- \/ Yoast SEO plugin. -->","yoast_head_json":{"title":"Pilates - Musterseite 4","robots":{"index":"noindex","follow":"follow","max-snippet":"max-snippet:-1","max-image-preview":"max-image-preview:large","max-video-preview":"max-video-preview:-1"},"og_locale":"de_DE","og_type":"article","og_title":"Pilates - Musterseite 4","og_description":"Unser Pilates-Angebot verbindet effektives Ganzk\u00f6rpertraining mit physiotherapeutischer Expertise. Mit gezielten \u00dcbungen f\u00f6rdern wir die Stabilisierung der K\u00f6rpermitte, verbessern Ihre Haltung und st\u00e4rken die Tiefenmuskulatur. Pilates eignet sich ideal zur Rehabilitation, zur Vorbeugung von Beschwerden und zur Verbesserung der Beweglichkeit. Ob als Einzeltraining oder in kleinen Gruppen \u2013 unsere qualifizierten Trainerinnen und Trainer begleiten Sie individuell [&hellip;]","og_url":"https:\/\/theorg-homepageservice-kunden.de\/musterseite-4\/pilates\/","og_site_name":"Musterseite 4","article_modified_time":"2025-08-12T09:51:55+00:00","og_image":[{"width":1000,"height":1000,"url":"https:\/\/theorg-homepageservice-kunden.de\/musterseite-4\/wp-content\/uploads\/sites\/5\/2025\/07\/pilates_2-edited.webp","type":"image\/webp"}],"twitter_card":"summary_large_image","twitter_misc":{"Gesch\u00e4tzte Lesezeit":"1\u00a0Minute"},"schema":{"@context":"https:\/\/schema.org","@graph":[{"@type":"WebPage","@id":"https:\/\/theorg-homepageservice-kunden.de\/musterseite-4\/pilates\/","url":"https:\/\/theorg-homepageservice-kunden.de\/musterseite-4\/pilates\/","name":"Pilates - Musterseite 4","isPartOf":{"@id":"https:\/\/theorg-homepageservice-kunden.de\/musterseite-4\/#website"},"primaryImageOfPage":{"@id":"https:\/\/theorg-homepageservice-kunden.de\/musterseite-4\/pilates\/#primaryimage"},"image":{"@id":"https:\/\/theorg-homepageservice-kunden.de\/musterseite-4\/pilates\/#primaryimage"},"thumbnailUrl":"https:\/\/theorg-homepageservice-kunden.de\/musterseite-4\/wp-content\/uploads\/sites\/5\/2025\/07\/pilates_2-edited.webp","datePublished":"2025-07-08T12:29:29+00:00","dateModified":"2025-08-12T09:51:55+00:00","breadcrumb":{"@id":"https:\/\/theorg-homepageservice-kunden.de\/musterseite-4\/pilates\/#breadcrumb"},"inLanguage":"de","potentialAction":[{"@type":"ReadAction","target":["https:\/\/theorg-homepageservice-kunden.de\/musterseite-4\/pilates\/"]}]},{"@type":"ImageObject","inLanguage":"de","@id":"https:\/\/theorg-homepageservice-kunden.de\/musterseite-4\/pilates\/#primaryimage","url":"https:\/\/theorg-homepageservice-kunden.de\/musterseite-4\/wp-content\/uploads\/sites\/5\/2025\/07\/pilates_2-edited.webp","contentUrl":"https:\/\/theorg-homepageservice-kunden.de\/musterseite-4\/wp-content\/uploads\/sites\/5\/2025\/07\/pilates_2-edited.webp","width":1000,"height":1000},{"@type":"BreadcrumbList","@id":"https:\/\/theorg-homepageservice-kunden.de\/musterseite-4\/pilates\/#breadcrumb","itemListElement":[{"@type":"ListItem","position":1,"name":"Startseite","item":"https:\/\/theorg-homepageservice-kunden.de\/musterseite-4\/"},{"@type":"ListItem","position":2,"name":"Pilates"}]},{"@type":"WebSite","@id":"https:\/\/theorg-homepageservice-kunden.de\/musterseite-4\/#website","url":"https:\/\/theorg-homepageservice-kunden.de\/musterseite-4\/","name":"Musterseite 4","description":"","publisher":{"@id":"https:\/\/theorg-homepageservice-kunden.de\/musterseite-4\/#organization"},"potentialAction":[{"@type":"SearchAction","target":{"@type":"EntryPoint","urlTemplate":"https:\/\/theorg-homepageservice-kunden.de\/musterseite-4\/?s={search_term_string}"},"query-input":{"@type":"PropertyValueSpecification","valueRequired":true,"valueName":"search_term_string"}}],"inLanguage":"de"},{"@type":"Organization","@id":"https:\/\/theorg-homepageservice-kunden.de\/musterseite-4\/#organization","name":"Musterseite 4","url":"https:\/\/theorg-homepageservice-kunden.de\/musterseite-4\/","logo":{"@type":"ImageObject","inLanguage":"de","@id":"https:\/\/theorg-homepageservice-kunden.de\/musterseite-4\/#\/schema\/logo\/image\/","url":"https:\/\/theorg-homepageservice-kunden.de\/musterseite-4\/wp-content\/uploads\/sites\/5\/2025\/08\/sanare_logo_dunkelblau.webp","contentUrl":"https:\/\/theorg-homepageservice-kunden.de\/musterseite-4\/wp-content\/uploads\/sites\/5\/2025\/08\/sanare_logo_dunkelblau.webp","width":512,"height":129,"caption":"Musterseite 4"},"image":{"@id":"https:\/\/theorg-homepageservice-kunden.de\/musterseite-4\/#\/schema\/logo\/image\/"}}]}},"uagb_featured_image_src":{"full":false,"thumbnail":false,"medium":false,"medium_large":false,"large":false,"1536x1536":false,"2048x2048":false},"uagb_author_info":{"display_name":"admin_marketing","author_link":"https:\/\/theorg-homepageservice-kunden.de\/musterseite-4\/author\/admin\/"},"uagb_comment_info":0,"uagb_excerpt":"Unser Pilates-Angebot verbindet effektives Ganzk\u00f6rpertraining mit physiotherapeutischer Expertise. Mit gezielten \u00dcbungen f\u00f6rdern wir die Stabilisierung der K\u00f6rpermitte, verbessern Ihre Haltung und st\u00e4rken die Tiefenmuskulatur. Pilates eignet sich ideal zur Rehabilitation, zur Vorbeugung von Beschwerden und zur Verbesserung der Beweglichkeit. Ob als Einzeltraining oder in kleinen Gruppen \u2013 unsere qualifizierten Trainerinnen und Trainer begleiten Sie individuell&hellip;","_links":{"self":[{"href":"https:\/\/theorg-homepageservice-kunden.de\/musterseite-4\/wp-json\/wp\/v2\/pages\/226","targetHints":{"allow":["GET"]}}],"collection":[{"href":"https:\/\/theorg-homepageservice-kunden.de\/musterseite-4\/wp-json\/wp\/v2\/pages"}],"about":[{"href":"https:\/\/theorg-homepageservice-kunden.de\/musterseite-4\/wp-json\/wp\/v2\/types\/page"}],"author":[{"embeddable":true,"href":"https:\/\/theorg-homepageservice-kunden.de\/musterseite-4\/wp-json\/wp\/v2\/users\/1"}],"replies":[{"embeddable":true,"href":"https:\/\/theorg-homepageservice-kunden.de\/musterseite-4\/wp-json\/wp\/v2\/comments?post=226"}],"version-history":[{"count":11,"href":"https:\/\/theorg-homepageservice-kunden.de\/musterseite-4\/wp-json\/wp\/v2\/pages\/226\/revisions"}],"predecessor-version":[{"id":551,"href":"https:\/\/theorg-homepageservice-kunden.de\/musterseite-4\/wp-json\/wp\/v2\/pages\/226\/revisions\/551"}],"wp:attachment":[{"href":"https:\/\/theorg-homepageservice-kunden.de\/musterseite-4\/wp-json\/wp\/v2\/media?parent=226"}],"curies":[{"name":"wp","href":"https:\/\/api.w.org\/{rel}","templated":true}]}}