{"id":282,"date":"2025-07-08T15:20:52","date_gmt":"2025-07-08T13:20:52","guid":{"rendered":"https:\/\/theorg-homepageservice-kunden.de\/musterseite-4\/?page_id=282"},"modified":"2025-08-12T12:06:37","modified_gmt":"2025-08-12T10:06:37","slug":"leistungen","status":"publish","type":"page","link":"https:\/\/theorg-homepageservice-kunden.de\/musterseite-4\/leistungen\/","title":{"rendered":"Leistungen"},"content":{"rendered":"\n<div class=\"wp-block-group alignfull m-pt-70 has-quaternary-background-color has-background has-global-padding is-layout-constrained wp-block-group-is-layout-constrained\" style=\"margin-top:0;margin-bottom:0;padding-top:170px;padding-bottom:0\">\n<div class=\"wp-block-group alignwide has-global-padding is-layout-constrained wp-container-core-group-is-layout-7db9d80f wp-block-group-is-layout-constrained\" style=\"padding-right:0;padding-left:0\">\n<div class=\"wp-block-group alignwide has-global-padding is-layout-constrained wp-block-group-is-layout-constrained\" style=\"padding-top:32px\">\n<div class=\"wp-block-columns alignwide is-layout-flex wp-container-core-columns-is-layout-28f84493 wp-block-columns-is-layout-flex\">\n<div class=\"wp-block-column is-layout-flow wp-block-column-is-layout-flow\" style=\"flex-basis:50%\">\n<p>Unsere Leistungen<\/p>\n\n\n\n<h1 class=\"wp-block-heading\">Ganzheitliche Leistungen f\u00fcr Ihre Gesundheit<\/h1>\n<\/div>\n\n\n\n<div class=\"wp-block-column is-layout-flow wp-block-column-is-layout-flow\" style=\"flex-basis:50%\">\n<p>In unseren modern ausgestatteten R\u00e4umen bieten wir Ihnen Physiotherapie und vielseitige Wellnessleistungen \u2013 alles f\u00fcr Ihre Mobilit\u00e4t Gesundheit und Entspannung.<\/p>\n\n\n\n<p>Nach einer ausf\u00fchrlichen Untersuchung erstellen unsere erfahrenen Physiotherapeuten einen ma\u00dfgeschneiderten Behandlungsplan f\u00fcr Sie.&nbsp;Dieser Plan umfasst nicht nur die Therapie in unserer Praxis, sondern auch einfache \u00dcbungen f\u00fcr zu Hause, damit Sie aktiv zu Ihrem Heilungsprozess beitragen k\u00f6nnen.<\/p>\n<\/div>\n<\/div>\n<\/div>\n\n\n\n<figure class=\"wp-block-image alignwide size-full has-custom-border image-downshift\" style=\"margin-top:0rem\"><img loading=\"lazy\" decoding=\"async\" width=\"1500\" height=\"844\" src=\"https:\/\/theorg-homepageservice-kunden.de\/musterseite-4\/wp-content\/uploads\/sites\/5\/2025\/07\/pilates_2-edited-1.webp\" alt=\"\" class=\"wp-image-286\" style=\"border-radius:32px\" srcset=\"https:\/\/theorg-homepageservice-kunden.de\/musterseite-4\/wp-content\/uploads\/sites\/5\/2025\/07\/pilates_2-edited-1.webp 1500w, https:\/\/theorg-homepageservice-kunden.de\/musterseite-4\/wp-content\/uploads\/sites\/5\/2025\/07\/pilates_2-edited-1-300x169.webp 300w, https:\/\/theorg-homepageservice-kunden.de\/musterseite-4\/wp-content\/uploads\/sites\/5\/2025\/07\/pilates_2-edited-1-1024x576.webp 1024w, https:\/\/theorg-homepageservice-kunden.de\/musterseite-4\/wp-content\/uploads\/sites\/5\/2025\/07\/pilates_2-edited-1-768x432.webp 768w\" sizes=\"auto, (max-width: 1500px) 100vw, 1500px\" \/><\/figure>\n<\/div>\n<\/div>\n\n\n\n<div style=\"height:100px\" aria-hidden=\"true\" class=\"wp-block-spacer\"><\/div>\n\n\n\n<div class=\"wp-block-group alignfull has-global-padding is-content-justification-center is-layout-constrained wp-block-group-is-layout-constrained\" style=\"padding-top:var(--wp--preset--spacing--xx-large);padding-bottom:170px\">\n<div class=\"wp-block-group alignwide has-global-padding is-content-justification-center is-layout-constrained wp-block-group-is-layout-constrained\">\n<h2 class=\"wp-block-heading has-text-align-center\" style=\"margin-bottom:var(--wp--preset--spacing--large)\">Praxisleistungen<\/h2>\n\n\n\n<div class=\"wp-block-columns alignwide is-layout-flex wp-container-core-columns-is-layout-1eaa1801 wp-block-columns-is-layout-flex\" style=\"padding-top:var(--wp--preset--spacing--xxx-small);padding-bottom:var(--wp--preset--spacing--xxx-small)\">\n<div class=\"wp-block-column is-vertically-aligned-center animated fadeInUp faster has-quaternary-background-color has-background is-layout-flow wp-block-column-is-layout-flow\" style=\"border-radius:32px;padding-top:var(--wp--preset--spacing--large);padding-right:var(--wp--preset--spacing--medium);padding-bottom:var(--wp--preset--spacing--large);padding-left:var(--wp--preset--spacing--medium);flex-basis:33%\">\n<figure class=\"wp-block-image size-full is-resized\"><img loading=\"lazy\" decoding=\"async\" width=\"512\" height=\"512\" src=\"https:\/\/theorg-homepageservice-kunden.de\/musterseite-4\/wp-content\/uploads\/sites\/5\/2025\/07\/icon_physio.png\" alt=\"\" class=\"wp-image-339\" style=\"width:50px\" srcset=\"https:\/\/theorg-homepageservice-kunden.de\/musterseite-4\/wp-content\/uploads\/sites\/5\/2025\/07\/icon_physio.png 512w, https:\/\/theorg-homepageservice-kunden.de\/musterseite-4\/wp-content\/uploads\/sites\/5\/2025\/07\/icon_physio-300x300.png 300w, https:\/\/theorg-homepageservice-kunden.de\/musterseite-4\/wp-content\/uploads\/sites\/5\/2025\/07\/icon_physio-150x150.png 150w\" sizes=\"auto, (max-width: 512px) 100vw, 512px\" \/><\/figure>\n\n\n\n<h3 class=\"wp-block-heading has-x-large-font-size\">Physiotherapie<\/h3>\n\n\n\n<p>Individuelle Behandlung zur Wiederherstellung von Beweglichkeit, Schmerzlinderung und F\u00f6rderung Ihrer Gesundheit.<\/p>\n\n\n\n<div class=\"wp-block-uagb-buttons uagb-buttons__outer-wrap uagb-btn__default-btn uagb-btn-tablet__default-btn uagb-btn-mobile__default-btn uagb-block-f1256178\"><div class=\"uagb-buttons__wrap uagb-buttons-layout-wrap \">\n<div class=\"wp-block-uagb-buttons-child uagb-buttons__outer-wrap uagb-block-8245e49a wp-block-button\"><div class=\"uagb-button__wrapper\"><a class=\"uagb-buttons-repeater wp-block-button__link\" aria-label=\"\" href=\"\/musterseite-4\/physiotherapie\" rel=\"follow noopener\" target=\"_self\" role=\"button\"><div class=\"uagb-button__link\">Zur Physiotherapie<\/div><span class=\"uagb-button__icon uagb-button__icon-position-after\"><svg xmlns=\"https:\/\/www.w3.org\/2000\/svg\" viewBox=\"0 0 256 512\" aria-hidden=\"true\" focussable=\"false\"><path d=\"M64 448c-8.188 0-16.38-3.125-22.62-9.375c-12.5-12.5-12.5-32.75 0-45.25L178.8 256L41.38 118.6c-12.5-12.5-12.5-32.75 0-45.25s32.75-12.5 45.25 0l160 160c12.5 12.5 12.5 32.75 0 45.25l-160 160C80.38 444.9 72.19 448 64 448z\"><\/path><\/svg><\/span><\/a><\/div><\/div>\n<\/div><\/div>\n<\/div>\n\n\n\n<div class=\"wp-block-column is-vertically-aligned-center animated fadeInUp delay-200ms faster has-quaternary-background-color has-background is-layout-flow wp-block-column-is-layout-flow\" style=\"border-radius:32px;padding-top:var(--wp--preset--spacing--large);padding-right:var(--wp--preset--spacing--medium);padding-bottom:var(--wp--preset--spacing--large);padding-left:var(--wp--preset--spacing--medium);flex-basis:33%\">\n<figure class=\"wp-block-image size-full is-resized\"><img loading=\"lazy\" decoding=\"async\" width=\"512\" height=\"512\" src=\"https:\/\/theorg-homepageservice-kunden.de\/musterseite-4\/wp-content\/uploads\/sites\/5\/2025\/07\/icon_pilates_schwarz.png\" alt=\"\" class=\"wp-image-337\" style=\"width:50px\" srcset=\"https:\/\/theorg-homepageservice-kunden.de\/musterseite-4\/wp-content\/uploads\/sites\/5\/2025\/07\/icon_pilates_schwarz.png 512w, https:\/\/theorg-homepageservice-kunden.de\/musterseite-4\/wp-content\/uploads\/sites\/5\/2025\/07\/icon_pilates_schwarz-300x300.png 300w, https:\/\/theorg-homepageservice-kunden.de\/musterseite-4\/wp-content\/uploads\/sites\/5\/2025\/07\/icon_pilates_schwarz-150x150.png 150w\" sizes=\"auto, (max-width: 512px) 100vw, 512px\" \/><\/figure>\n\n\n\n<h3 class=\"wp-block-heading has-x-large-font-size\">Pilates<\/h3>\n\n\n\n<p>Ganzheitliches Training f\u00fcr Kraft, Flexibilit\u00e4t und eine gesunde K\u00f6rperhaltung \u2013 ideal f\u00fcr jedes Fitnesslevel.<\/p>\n\n\n\n<div class=\"wp-block-uagb-buttons uagb-buttons__outer-wrap uagb-btn__default-btn uagb-btn-tablet__default-btn uagb-btn-mobile__default-btn uagb-block-8d43de3a\"><div class=\"uagb-buttons__wrap uagb-buttons-layout-wrap \">\n<div class=\"wp-block-uagb-buttons-child uagb-buttons__outer-wrap uagb-block-b05db2f6 wp-block-button\"><div class=\"uagb-button__wrapper\"><a class=\"uagb-buttons-repeater wp-block-button__link\" aria-label=\"\" href=\"\/musterseite-4\/pilates\" rel=\"follow noopener\" target=\"_self\" role=\"button\"><div class=\"uagb-button__link\">Zum Pilates<\/div><span class=\"uagb-button__icon uagb-button__icon-position-after\"><svg xmlns=\"https:\/\/www.w3.org\/2000\/svg\" viewBox=\"0 0 256 512\" aria-hidden=\"true\" focussable=\"false\"><path d=\"M64 448c-8.188 0-16.38-3.125-22.62-9.375c-12.5-12.5-12.5-32.75 0-45.25L178.8 256L41.38 118.6c-12.5-12.5-12.5-32.75 0-45.25s32.75-12.5 45.25 0l160 160c12.5 12.5 12.5 32.75 0 45.25l-160 160C80.38 444.9 72.19 448 64 448z\"><\/path><\/svg><\/span><\/a><\/div><\/div>\n<\/div><\/div>\n<\/div>\n\n\n\n<div class=\"wp-block-column is-vertically-aligned-center animated fadeInUp faster delay-500ms has-quaternary-background-color has-background is-layout-flow wp-block-column-is-layout-flow\" style=\"border-radius:32px;padding-top:var(--wp--preset--spacing--large);padding-right:var(--wp--preset--spacing--medium);padding-bottom:var(--wp--preset--spacing--large);padding-left:var(--wp--preset--spacing--medium);flex-basis:33%\">\n<figure class=\"wp-block-image size-full is-resized\"><img loading=\"lazy\" decoding=\"async\" width=\"512\" height=\"512\" src=\"https:\/\/theorg-homepageservice-kunden.de\/musterseite-4\/wp-content\/uploads\/sites\/5\/2025\/07\/body-massage.png\" alt=\"\" class=\"wp-image-338\" style=\"width:50px\" srcset=\"https:\/\/theorg-homepageservice-kunden.de\/musterseite-4\/wp-content\/uploads\/sites\/5\/2025\/07\/body-massage.png 512w, https:\/\/theorg-homepageservice-kunden.de\/musterseite-4\/wp-content\/uploads\/sites\/5\/2025\/07\/body-massage-300x300.png 300w, https:\/\/theorg-homepageservice-kunden.de\/musterseite-4\/wp-content\/uploads\/sites\/5\/2025\/07\/body-massage-150x150.png 150w\" sizes=\"auto, (max-width: 512px) 100vw, 512px\" \/><\/figure>\n\n\n\n<h3 class=\"wp-block-heading has-x-large-font-size\">Entspannungstherapie<\/h3>\n\n\n\n<p>Ganzheitliches Training f\u00fcr Kraft, Flexibilit\u00e4t und eine gesunde K\u00f6rperhaltung \u2013 ideal f\u00fcr jedes Fitnesslevel.<\/p>\n\n\n\n<div class=\"wp-block-uagb-buttons uagb-buttons__outer-wrap uagb-btn__default-btn uagb-btn-tablet__default-btn uagb-btn-mobile__default-btn uagb-block-e7de1d69\"><div class=\"uagb-buttons__wrap uagb-buttons-layout-wrap \">\n<div class=\"wp-block-uagb-buttons-child uagb-buttons__outer-wrap uagb-block-f0e4f070 wp-block-button\"><div class=\"uagb-button__wrapper\"><a class=\"uagb-buttons-repeater wp-block-button__link\" aria-label=\"\" href=\"\/musterseite-4\/entspannungstherapie\" rel=\"follow noopener\" target=\"_self\" role=\"button\"><div class=\"uagb-button__link\">Zur Entspannungstherapie<\/div><span class=\"uagb-button__icon uagb-button__icon-position-after\"><svg xmlns=\"https:\/\/www.w3.org\/2000\/svg\" viewBox=\"0 0 256 512\" aria-hidden=\"true\" focussable=\"false\"><path d=\"M64 448c-8.188 0-16.38-3.125-22.62-9.375c-12.5-12.5-12.5-32.75 0-45.25L178.8 256L41.38 118.6c-12.5-12.5-12.5-32.75 0-45.25s32.75-12.5 45.25 0l160 160c12.5 12.5 12.5 32.75 0 45.25l-160 160C80.38 444.9 72.19 448 64 448z\"><\/path><\/svg><\/span><\/a><\/div><\/div>\n<\/div><\/div>\n<\/div>\n<\/div>\n<\/div>\n<\/div>\n\n\n\n<div class=\"wp-block-cover alignfull\" style=\"margin-top:0;margin-bottom:0;padding-top:170px;padding-bottom:170px\"><img loading=\"lazy\" decoding=\"async\" width=\"1024\" height=\"585\" class=\"wp-block-cover__image-background wp-image-9 size-large\" alt=\"\" src=\"https:\/\/theorg-homepageservice-kunden.de\/musterseite-4\/wp-content\/uploads\/sites\/5\/2025\/06\/physio_entspannungstherapie-1-1024x585.webp\" data-object-fit=\"cover\" srcset=\"https:\/\/theorg-homepageservice-kunden.de\/musterseite-4\/wp-content\/uploads\/sites\/5\/2025\/06\/physio_entspannungstherapie-1-1024x585.webp 1024w, https:\/\/theorg-homepageservice-kunden.de\/musterseite-4\/wp-content\/uploads\/sites\/5\/2025\/06\/physio_entspannungstherapie-1-300x171.webp 300w, https:\/\/theorg-homepageservice-kunden.de\/musterseite-4\/wp-content\/uploads\/sites\/5\/2025\/06\/physio_entspannungstherapie-1-768x439.webp 768w, https:\/\/theorg-homepageservice-kunden.de\/musterseite-4\/wp-content\/uploads\/sites\/5\/2025\/06\/physio_entspannungstherapie-1.webp 1500w\" sizes=\"auto, (max-width: 1024px) 100vw, 1024px\" \/><span aria-hidden=\"true\" class=\"wp-block-cover__background has-background-dim-80 has-background-dim\" style=\"background-color:#113a68\"><\/span><div class=\"wp-block-cover__inner-container is-layout-flow wp-block-cover-is-layout-flow\">\n<div class=\"wp-block-group alignfull animated fadeInUp faster has-global-padding is-layout-constrained wp-block-group-is-layout-constrained\">\n<h1 class=\"wp-block-heading has-text-align-center has-white-color has-text-color has-xxx-large-font-size\" style=\"letter-spacing:-1px\">Bewegung. Gesundheit. Lebensfreude.<\/h1>\n\n\n\n<p class=\"has-text-align-center has-white-color has-text-color\">Wir begleiten Sie auf Ihrem Weg zu Gesundheit und Lebensqualit\u00e4t \u2013 mit individuellen Therapien und pers\u00f6nlicher Betreuung.<\/p>\n\n\n\n<div class=\"wp-block-uagb-buttons uagb-buttons__outer-wrap uagb-btn__default-btn uagb-btn-tablet__default-btn uagb-btn-mobile__default-btn uagb-block-dbafcbb6\"><div class=\"uagb-buttons__wrap uagb-buttons-layout-wrap \">\n<div class=\"wp-block-uagb-buttons-child uagb-buttons__outer-wrap uagb-block-5b63723f wp-block-button\"><div class=\"uagb-button__wrapper\"><a class=\"uagb-buttons-repeater wp-block-button__link\" aria-label=\"\" href=\"https:\/\/theorg-homepageservice-kunden.de\/musterseite-4\/kontakt\/\" rel=\"follow noopener\" target=\"_self\" role=\"button\"><div class=\"uagb-button__link\">Jetzt Termin vereinbaren<\/div><\/a><\/div><\/div>\n<\/div><\/div>\n<\/div>\n<\/div><\/div>\n","protected":false},"excerpt":{"rendered":"<p>Unsere Leistungen Ganzheitliche Leistungen f\u00fcr Ihre Gesundheit In unseren modern ausgestatteten R\u00e4umen bieten wir Ihnen Physiotherapie und vielseitige Wellnessleistungen \u2013 alles f\u00fcr Ihre Mobilit\u00e4t Gesundheit und Entspannung. Nach einer ausf\u00fchrlichen Untersuchung erstellen unsere erfahrenen Physiotherapeuten einen ma\u00dfgeschneiderten Behandlungsplan f\u00fcr Sie.&nbsp;Dieser Plan umfasst nicht nur die Therapie in unserer Praxis, sondern auch einfache \u00dcbungen f\u00fcr zu [&hellip;]<\/p>\n","protected":false},"author":1,"featured_media":0,"parent":0,"menu_order":0,"comment_status":"closed","ping_status":"closed","template":"","meta":{"_uag_custom_page_level_css":"","_swt_meta_header_display":false,"_swt_meta_footer_display":false,"_swt_meta_site_title_display":true,"_swt_meta_sticky_header":false,"_swt_meta_transparent_header":false,"footnotes":""},"class_list":["post-282","page","type-page","status-publish","hentry"],"yoast_head":"<!-- This site is optimized with the Yoast SEO plugin v27.1.1 - https:\/\/yoast.com\/product\/yoast-seo-wordpress\/ -->\n<title>Leistungen - Musterseite 4<\/title>\n<meta name=\"robots\" content=\"noindex, follow, max-snippet:-1, max-image-preview:large, max-video-preview:-1\" \/>\n<meta property=\"og:locale\" content=\"de_DE\" \/>\n<meta property=\"og:type\" content=\"article\" \/>\n<meta property=\"og:title\" content=\"Leistungen - Musterseite 4\" \/>\n<meta property=\"og:description\" content=\"Unsere Leistungen Ganzheitliche Leistungen f\u00fcr Ihre Gesundheit In unseren modern ausgestatteten R\u00e4umen bieten wir Ihnen Physiotherapie und vielseitige Wellnessleistungen \u2013 alles f\u00fcr Ihre Mobilit\u00e4t Gesundheit und Entspannung. Nach einer ausf\u00fchrlichen Untersuchung erstellen unsere erfahrenen Physiotherapeuten einen ma\u00dfgeschneiderten Behandlungsplan f\u00fcr Sie.&nbsp;Dieser Plan umfasst nicht nur die Therapie in unserer Praxis, sondern auch einfache \u00dcbungen f\u00fcr zu [&hellip;]\" \/>\n<meta property=\"og:url\" content=\"https:\/\/theorg-homepageservice-kunden.de\/musterseite-4\/leistungen\/\" \/>\n<meta property=\"og:site_name\" content=\"Musterseite 4\" \/>\n<meta property=\"article:modified_time\" content=\"2025-08-12T10:06:37+00:00\" \/>\n<meta property=\"og:image\" content=\"https:\/\/theorg-homepageservice-kunden.de\/musterseite-4\/wp-content\/uploads\/sites\/5\/2025\/07\/pilates_2-edited-1.webp\" \/>\n\t<meta property=\"og:image:width\" content=\"1500\" \/>\n\t<meta property=\"og:image:height\" content=\"844\" \/>\n\t<meta property=\"og:image:type\" content=\"image\/webp\" \/>\n<meta name=\"twitter:card\" content=\"summary_large_image\" \/>\n<meta name=\"twitter:label1\" content=\"Gesch\u00e4tzte Lesezeit\" \/>\n\t<meta name=\"twitter:data1\" content=\"2\u00a0Minuten\" \/>\n<script type=\"application\/ld+json\" class=\"yoast-schema-graph\">{\"@context\":\"https:\/\/schema.org\",\"@graph\":[{\"@type\":\"WebPage\",\"@id\":\"https:\/\/theorg-homepageservice-kunden.de\/musterseite-4\/leistungen\/\",\"url\":\"https:\/\/theorg-homepageservice-kunden.de\/musterseite-4\/leistungen\/\",\"name\":\"Leistungen - Musterseite 4\",\"isPartOf\":{\"@id\":\"https:\/\/theorg-homepageservice-kunden.de\/musterseite-4\/#website\"},\"primaryImageOfPage\":{\"@id\":\"https:\/\/theorg-homepageservice-kunden.de\/musterseite-4\/leistungen\/#primaryimage\"},\"image\":{\"@id\":\"https:\/\/theorg-homepageservice-kunden.de\/musterseite-4\/leistungen\/#primaryimage\"},\"thumbnailUrl\":\"https:\/\/theorg-homepageservice-kunden.de\/musterseite-4\/wp-content\/uploads\/sites\/5\/2025\/07\/pilates_2-edited-1.webp\",\"datePublished\":\"2025-07-08T13:20:52+00:00\",\"dateModified\":\"2025-08-12T10:06:37+00:00\",\"breadcrumb\":{\"@id\":\"https:\/\/theorg-homepageservice-kunden.de\/musterseite-4\/leistungen\/#breadcrumb\"},\"inLanguage\":\"de\",\"potentialAction\":[{\"@type\":\"ReadAction\",\"target\":[\"https:\/\/theorg-homepageservice-kunden.de\/musterseite-4\/leistungen\/\"]}]},{\"@type\":\"ImageObject\",\"inLanguage\":\"de\",\"@id\":\"https:\/\/theorg-homepageservice-kunden.de\/musterseite-4\/leistungen\/#primaryimage\",\"url\":\"https:\/\/theorg-homepageservice-kunden.de\/musterseite-4\/wp-content\/uploads\/sites\/5\/2025\/07\/pilates_2-edited-1.webp\",\"contentUrl\":\"https:\/\/theorg-homepageservice-kunden.de\/musterseite-4\/wp-content\/uploads\/sites\/5\/2025\/07\/pilates_2-edited-1.webp\",\"width\":1500,\"height\":844},{\"@type\":\"BreadcrumbList\",\"@id\":\"https:\/\/theorg-homepageservice-kunden.de\/musterseite-4\/leistungen\/#breadcrumb\",\"itemListElement\":[{\"@type\":\"ListItem\",\"position\":1,\"name\":\"Startseite\",\"item\":\"https:\/\/theorg-homepageservice-kunden.de\/musterseite-4\/\"},{\"@type\":\"ListItem\",\"position\":2,\"name\":\"Leistungen\"}]},{\"@type\":\"WebSite\",\"@id\":\"https:\/\/theorg-homepageservice-kunden.de\/musterseite-4\/#website\",\"url\":\"https:\/\/theorg-homepageservice-kunden.de\/musterseite-4\/\",\"name\":\"Musterseite 4\",\"description\":\"\",\"publisher\":{\"@id\":\"https:\/\/theorg-homepageservice-kunden.de\/musterseite-4\/#organization\"},\"potentialAction\":[{\"@type\":\"SearchAction\",\"target\":{\"@type\":\"EntryPoint\",\"urlTemplate\":\"https:\/\/theorg-homepageservice-kunden.de\/musterseite-4\/?s={search_term_string}\"},\"query-input\":{\"@type\":\"PropertyValueSpecification\",\"valueRequired\":true,\"valueName\":\"search_term_string\"}}],\"inLanguage\":\"de\"},{\"@type\":\"Organization\",\"@id\":\"https:\/\/theorg-homepageservice-kunden.de\/musterseite-4\/#organization\",\"name\":\"Musterseite 4\",\"url\":\"https:\/\/theorg-homepageservice-kunden.de\/musterseite-4\/\",\"logo\":{\"@type\":\"ImageObject\",\"inLanguage\":\"de\",\"@id\":\"https:\/\/theorg-homepageservice-kunden.de\/musterseite-4\/#\/schema\/logo\/image\/\",\"url\":\"https:\/\/theorg-homepageservice-kunden.de\/musterseite-4\/wp-content\/uploads\/sites\/5\/2025\/08\/sanare_logo_dunkelblau.webp\",\"contentUrl\":\"https:\/\/theorg-homepageservice-kunden.de\/musterseite-4\/wp-content\/uploads\/sites\/5\/2025\/08\/sanare_logo_dunkelblau.webp\",\"width\":512,\"height\":129,\"caption\":\"Musterseite 4\"},\"image\":{\"@id\":\"https:\/\/theorg-homepageservice-kunden.de\/musterseite-4\/#\/schema\/logo\/image\/\"}}]}<\/script>\n<!-- \/ Yoast SEO plugin. -->","yoast_head_json":{"title":"Leistungen - Musterseite 4","robots":{"index":"noindex","follow":"follow","max-snippet":"max-snippet:-1","max-image-preview":"max-image-preview:large","max-video-preview":"max-video-preview:-1"},"og_locale":"de_DE","og_type":"article","og_title":"Leistungen - Musterseite 4","og_description":"Unsere Leistungen Ganzheitliche Leistungen f\u00fcr Ihre Gesundheit In unseren modern ausgestatteten R\u00e4umen bieten wir Ihnen Physiotherapie und vielseitige Wellnessleistungen \u2013 alles f\u00fcr Ihre Mobilit\u00e4t Gesundheit und Entspannung. Nach einer ausf\u00fchrlichen Untersuchung erstellen unsere erfahrenen Physiotherapeuten einen ma\u00dfgeschneiderten Behandlungsplan f\u00fcr Sie.&nbsp;Dieser Plan umfasst nicht nur die Therapie in unserer Praxis, sondern auch einfache \u00dcbungen f\u00fcr zu [&hellip;]","og_url":"https:\/\/theorg-homepageservice-kunden.de\/musterseite-4\/leistungen\/","og_site_name":"Musterseite 4","article_modified_time":"2025-08-12T10:06:37+00:00","og_image":[{"width":1500,"height":844,"url":"https:\/\/theorg-homepageservice-kunden.de\/musterseite-4\/wp-content\/uploads\/sites\/5\/2025\/07\/pilates_2-edited-1.webp","type":"image\/webp"}],"twitter_card":"summary_large_image","twitter_misc":{"Gesch\u00e4tzte Lesezeit":"2\u00a0Minuten"},"schema":{"@context":"https:\/\/schema.org","@graph":[{"@type":"WebPage","@id":"https:\/\/theorg-homepageservice-kunden.de\/musterseite-4\/leistungen\/","url":"https:\/\/theorg-homepageservice-kunden.de\/musterseite-4\/leistungen\/","name":"Leistungen - Musterseite 4","isPartOf":{"@id":"https:\/\/theorg-homepageservice-kunden.de\/musterseite-4\/#website"},"primaryImageOfPage":{"@id":"https:\/\/theorg-homepageservice-kunden.de\/musterseite-4\/leistungen\/#primaryimage"},"image":{"@id":"https:\/\/theorg-homepageservice-kunden.de\/musterseite-4\/leistungen\/#primaryimage"},"thumbnailUrl":"https:\/\/theorg-homepageservice-kunden.de\/musterseite-4\/wp-content\/uploads\/sites\/5\/2025\/07\/pilates_2-edited-1.webp","datePublished":"2025-07-08T13:20:52+00:00","dateModified":"2025-08-12T10:06:37+00:00","breadcrumb":{"@id":"https:\/\/theorg-homepageservice-kunden.de\/musterseite-4\/leistungen\/#breadcrumb"},"inLanguage":"de","potentialAction":[{"@type":"ReadAction","target":["https:\/\/theorg-homepageservice-kunden.de\/musterseite-4\/leistungen\/"]}]},{"@type":"ImageObject","inLanguage":"de","@id":"https:\/\/theorg-homepageservice-kunden.de\/musterseite-4\/leistungen\/#primaryimage","url":"https:\/\/theorg-homepageservice-kunden.de\/musterseite-4\/wp-content\/uploads\/sites\/5\/2025\/07\/pilates_2-edited-1.webp","contentUrl":"https:\/\/theorg-homepageservice-kunden.de\/musterseite-4\/wp-content\/uploads\/sites\/5\/2025\/07\/pilates_2-edited-1.webp","width":1500,"height":844},{"@type":"BreadcrumbList","@id":"https:\/\/theorg-homepageservice-kunden.de\/musterseite-4\/leistungen\/#breadcrumb","itemListElement":[{"@type":"ListItem","position":1,"name":"Startseite","item":"https:\/\/theorg-homepageservice-kunden.de\/musterseite-4\/"},{"@type":"ListItem","position":2,"name":"Leistungen"}]},{"@type":"WebSite","@id":"https:\/\/theorg-homepageservice-kunden.de\/musterseite-4\/#website","url":"https:\/\/theorg-homepageservice-kunden.de\/musterseite-4\/","name":"Musterseite 4","description":"","publisher":{"@id":"https:\/\/theorg-homepageservice-kunden.de\/musterseite-4\/#organization"},"potentialAction":[{"@type":"SearchAction","target":{"@type":"EntryPoint","urlTemplate":"https:\/\/theorg-homepageservice-kunden.de\/musterseite-4\/?s={search_term_string}"},"query-input":{"@type":"PropertyValueSpecification","valueRequired":true,"valueName":"search_term_string"}}],"inLanguage":"de"},{"@type":"Organization","@id":"https:\/\/theorg-homepageservice-kunden.de\/musterseite-4\/#organization","name":"Musterseite 4","url":"https:\/\/theorg-homepageservice-kunden.de\/musterseite-4\/","logo":{"@type":"ImageObject","inLanguage":"de","@id":"https:\/\/theorg-homepageservice-kunden.de\/musterseite-4\/#\/schema\/logo\/image\/","url":"https:\/\/theorg-homepageservice-kunden.de\/musterseite-4\/wp-content\/uploads\/sites\/5\/2025\/08\/sanare_logo_dunkelblau.webp","contentUrl":"https:\/\/theorg-homepageservice-kunden.de\/musterseite-4\/wp-content\/uploads\/sites\/5\/2025\/08\/sanare_logo_dunkelblau.webp","width":512,"height":129,"caption":"Musterseite 4"},"image":{"@id":"https:\/\/theorg-homepageservice-kunden.de\/musterseite-4\/#\/schema\/logo\/image\/"}}]}},"uagb_featured_image_src":{"full":false,"thumbnail":false,"medium":false,"medium_large":false,"large":false,"1536x1536":false,"2048x2048":false},"uagb_author_info":{"display_name":"admin_marketing","author_link":"https:\/\/theorg-homepageservice-kunden.de\/musterseite-4\/author\/admin\/"},"uagb_comment_info":0,"uagb_excerpt":"Unsere Leistungen Ganzheitliche Leistungen f\u00fcr Ihre Gesundheit In unseren modern ausgestatteten R\u00e4umen bieten wir Ihnen Physiotherapie und vielseitige Wellnessleistungen \u2013 alles f\u00fcr Ihre Mobilit\u00e4t Gesundheit und Entspannung. Nach einer ausf\u00fchrlichen Untersuchung erstellen unsere erfahrenen Physiotherapeuten einen ma\u00dfgeschneiderten Behandlungsplan f\u00fcr Sie.&nbsp;Dieser Plan umfasst nicht nur die Therapie in unserer Praxis, sondern auch einfache \u00dcbungen f\u00fcr zu&hellip;","_links":{"self":[{"href":"https:\/\/theorg-homepageservice-kunden.de\/musterseite-4\/wp-json\/wp\/v2\/pages\/282","targetHints":{"allow":["GET"]}}],"collection":[{"href":"https:\/\/theorg-homepageservice-kunden.de\/musterseite-4\/wp-json\/wp\/v2\/pages"}],"about":[{"href":"https:\/\/theorg-homepageservice-kunden.de\/musterseite-4\/wp-json\/wp\/v2\/types\/page"}],"author":[{"embeddable":true,"href":"https:\/\/theorg-homepageservice-kunden.de\/musterseite-4\/wp-json\/wp\/v2\/users\/1"}],"replies":[{"embeddable":true,"href":"https:\/\/theorg-homepageservice-kunden.de\/musterseite-4\/wp-json\/wp\/v2\/comments?post=282"}],"version-history":[{"count":24,"href":"https:\/\/theorg-homepageservice-kunden.de\/musterseite-4\/wp-json\/wp\/v2\/pages\/282\/revisions"}],"predecessor-version":[{"id":572,"href":"https:\/\/theorg-homepageservice-kunden.de\/musterseite-4\/wp-json\/wp\/v2\/pages\/282\/revisions\/572"}],"wp:attachment":[{"href":"https:\/\/theorg-homepageservice-kunden.de\/musterseite-4\/wp-json\/wp\/v2\/media?parent=282"}],"curies":[{"name":"wp","href":"https:\/\/api.w.org\/{rel}","templated":true}]}}